{"id":460,"date":"2014-09-23T15:51:35","date_gmt":"2014-09-23T14:51:35","guid":{"rendered":"http:\/\/www.pilatre-de-rozier.com\/?page_id=460"},"modified":"2020-02-20T15:01:04","modified_gmt":"2020-02-20T14:01:04","slug":"aeromusee","status":"publish","type":"page","link":"https:\/\/www.pilatre-de-rozier.com\/en\/balloon\/aeromusee\/","title":{"rendered":"A\u00e9romus\u00e9e (museum)"},"content":{"rendered":"<p style=\"text-align: center\"><img decoding=\"async\" class=\"aligncenter wp-image-100 lazyload\" title=\"A\u00e9romus\u00e9e - P.Bodez\" data-src=\"http:\/\/62.210.92.201\/wp-content\/uploads\/2014\/08\/Musee-PDRbis.jpg\" alt=\"\" width=\"501\" height=\"257\" data-srcset=\"https:\/\/www.pilatre-de-rozier.com\/wp-content\/uploads\/2014\/08\/Musee-PDRbis.jpg 1024w, https:\/\/www.pilatre-de-rozier.com\/wp-content\/uploads\/2014\/08\/Musee-PDRbis-300x154.jpg 300w, https:\/\/www.pilatre-de-rozier.com\/wp-content\/uploads\/2014\/08\/Musee-PDRbis-768x394.jpg 768w, https:\/\/www.pilatre-de-rozier.com\/wp-content\/uploads\/2014\/08\/Musee-PDRbis-270x138.jpg 270w, https:\/\/www.pilatre-de-rozier.com\/wp-content\/uploads\/2014\/08\/Musee-PDRbis-370x190.jpg 370w, https:\/\/www.pilatre-de-rozier.com\/wp-content\/uploads\/2014\/08\/Musee-PDRbis-360x185.jpg 360w, https:\/\/www.pilatre-de-rozier.com\/wp-content\/uploads\/2014\/08\/Musee-PDRbis-263x135.jpg 263w\" data-sizes=\"(max-width: 501px) 100vw, 501px\" src=\"data:image\/svg+xml;base64,PHN2ZyB3aWR0aD0iMSIgaGVpZ2h0PSIxIiB4bWxucz0iaHR0cDovL3d3dy53My5vcmcvMjAwMC9zdmciPjwvc3ZnPg==\" style=\"--smush-placeholder-width: 501px; --smush-placeholder-aspect-ratio: 501\/257;\" \/><\/p>\n<p>Almost 400 m<sup>2<\/sup>, the museum \u201cA\u00e9romus\u00e9e Pil\u00e2tre de Rozier\u201d brings together an exhibition dedicated to the history of ballooning with many rare pieces related to the balloon and a unique discovery of the American Chambley Air Base&#8217;s history.<\/p>\n<p style=\"text-align: justify\">Cabinet of curiosities with multiple facets, this museum is composed of several areas: Chambley Air Base Section &#8211; Pil\u00e2tre de Rozier, the scientist &#8211; History of balloons in the eighteenth century \u2013 Balloons and war, stamps, medals &#8211; The invention of airships &#8211; Marie Marvingt and Gordon Bennett Jr. -Balloons appear in the media &#8211; Mondial Air Ballons\u00ae &#8211; Special shapes (children&#8217;s area) \u2013 Balloons\u2019 trend &#8211; The tableware \u2013 Balloons instructions.<\/p>\n<p style=\"text-align: justify\">Walking in the museum, every visitor can discover the world of ballooning through flying machines, the memorable personalities, and all kinds of exceptional objects.<br \/>\nA passion by &#8220;Pil\u00e2tre de Rozier&#8221; for the delight of everybody!<\/p>\n<p>&nbsp;<\/p>\n<p style=\"text-align: justify\"><strong><a href=\"http:\/\/www.pilatre-de-rozier.com\/wp-content\/uploads\/2014\/08\/PassLorraine.png\"><img decoding=\"async\" class=\"wp-image-3398 alignright lazyload\" data-src=\"http:\/\/www.pilatre-de-rozier.com\/wp-content\/uploads\/2014\/08\/PassLorraine.png\" alt=\"\" width=\"179\" height=\"125\" data-srcset=\"https:\/\/www.pilatre-de-rozier.com\/wp-content\/uploads\/2014\/08\/PassLorraine.png 380w, https:\/\/www.pilatre-de-rozier.com\/wp-content\/uploads\/2014\/08\/PassLorraine-300x210.png 300w, https:\/\/www.pilatre-de-rozier.com\/wp-content\/uploads\/2014\/08\/PassLorraine-270x189.png 270w, https:\/\/www.pilatre-de-rozier.com\/wp-content\/uploads\/2014\/08\/PassLorraine-370x259.png 370w, https:\/\/www.pilatre-de-rozier.com\/wp-content\/uploads\/2014\/08\/PassLorraine-360x252.png 360w, https:\/\/www.pilatre-de-rozier.com\/wp-content\/uploads\/2014\/08\/PassLorraine-263x184.png 263w\" data-sizes=\"(max-width: 179px) 100vw, 179px\" src=\"data:image\/svg+xml;base64,PHN2ZyB3aWR0aD0iMSIgaGVpZ2h0PSIxIiB4bWxucz0iaHR0cDovL3d3dy53My5vcmcvMjAwMC9zdmciPjwvc3ZnPg==\" style=\"--smush-placeholder-width: 179px; --smush-placeholder-aspect-ratio: 179\/125;\" \/><\/a><\/strong><\/p>\n<p style=\"text-align: justify\"><strong>\u00a0\u20ac3.50 from 12 years old<\/strong><\/p>\n<p style=\"text-align: justify\"><strong>2,50\u20ac from 4 to 12 years old<\/strong><\/p>\n<p style=\"text-align: justify\"><strong>free for children under 4 years old<\/strong><\/p>\n<p style=\"text-align: justify\"><strong>Reduced rates for groups<\/strong><\/p>\n<p>Reduced fees for Pass Lorraine holders<\/p>\n<p>2,10\u20ac from 12 years old<\/p>\n<p>1,50\u20ac from 4 to 12 years old<\/p>\n<p>You can order the Pass Lorraine, for free, here :\u00a0<a href=\"https:\/\/www.tourisme-lorraine.fr\/pass-lorraine\/\" target=\"_blank\" rel=\"noopener noreferrer\">https:\/\/www.tourisme-lorraine.fr\/pass-lorraine\/<\/a><\/p>\n<p style=\"text-align: justify\">\n","protected":false},"excerpt":{"rendered":"<p>Almost 400 m2, the museum \u201cA\u00e9romus\u00e9e Pil\u00e2tre de Rozier\u201d brings together an exhibition dedicated to the history of ballooning with many rare pieces related to the balloon and a unique discovery of the American Chambley Air Base&#8217;s history. Cabinet of curiosities with multiple facets, this museum is composed of several areas: Chambley Air Base Section [&hellip;]<\/p>\n","protected":false},"author":4,"featured_media":0,"parent":452,"menu_order":0,"comment_status":"open","ping_status":"open","template":"","meta":{"_et_pb_use_builder":"","_et_pb_old_content":"","_et_gb_content_width":"","footnotes":""},"class_list":["post-460","page","type-page","status-publish","hentry"],"_links":{"self":[{"href":"https:\/\/www.pilatre-de-rozier.com\/en\/wp-json\/wp\/v2\/pages\/460","targetHints":{"allow":["GET"]}}],"collection":[{"href":"https:\/\/www.pilatre-de-rozier.com\/en\/wp-json\/wp\/v2\/pages"}],"about":[{"href":"https:\/\/www.pilatre-de-rozier.com\/en\/wp-json\/wp\/v2\/types\/page"}],"author":[{"embeddable":true,"href":"https:\/\/www.pilatre-de-rozier.com\/en\/wp-json\/wp\/v2\/users\/4"}],"replies":[{"embeddable":true,"href":"https:\/\/www.pilatre-de-rozier.com\/en\/wp-json\/wp\/v2\/comments?post=460"}],"version-history":[{"count":2,"href":"https:\/\/www.pilatre-de-rozier.com\/en\/wp-json\/wp\/v2\/pages\/460\/revisions"}],"predecessor-version":[{"id":19475,"href":"https:\/\/www.pilatre-de-rozier.com\/en\/wp-json\/wp\/v2\/pages\/460\/revisions\/19475"}],"up":[{"embeddable":true,"href":"https:\/\/www.pilatre-de-rozier.com\/en\/wp-json\/wp\/v2\/pages\/452"}],"wp:attachment":[{"href":"https:\/\/www.pilatre-de-rozier.com\/en\/wp-json\/wp\/v2\/media?parent=460"}],"curies":[{"name":"wp","href":"https:\/\/api.w.org\/{rel}","templated":true}]}}