{"id":492,"date":"2014-09-24T13:37:58","date_gmt":"2014-09-24T11:37:58","guid":{"rendered":"http:\/\/www.pilatre-de-rozier.com\/?page_id=492"},"modified":"2022-07-21T16:16:14","modified_gmt":"2022-07-21T14:16:14","slug":"pilatre-rozier-organisation","status":"publish","type":"page","link":"https:\/\/www.pilatre-de-rozier.com\/en\/about\/pilatre-rozier-organisation\/","title":{"rendered":"Pil\u00e2tre de Rozier Organisation"},"content":{"rendered":"<p style=\"text-align: justify\">Pil\u00e2tre de Rozier Organisation was founded in 1983 by Philippe Buron Pil\u00e2tre, great grand nephew of the ballooning pioneer, Jean-Fran\u00e7ois Pil\u00e2tre de Rozier.<\/p>\n<p style=\"text-align: justify\">In 1993, the team Pil\u00e2tre de Rozier settled on Chambley aerodrome in Meurthe-et-Moselle (Grand Est \u2013 France).<\/p>\n<p style=\"text-align: justify\">Over the years, our company has specialized in the field of aeronautics to become expert. We&#8217;ve also developed our experience in communication, organizing several events such as Mondial Air Ballons\u00ae, the Coupe A\u00e9ronautique Gordon Bennett, the Festival of Fantastic Film in Gerardmer the Montgolfiades of Thionville, and many others.<\/p>\n<p style=\"text-align: justify\"><img decoding=\"async\" class=\"aligncenter wp-image-951 size-full lazyload\" title=\"Rozi\u00e8re - A.Even\" data-src=\"http:\/\/62.210.92.201\/wp-content\/uploads\/2014\/08\/PDR-A.Even_.jpg\" alt=\"\" width=\"448\" height=\"298\" data-srcset=\"https:\/\/www.pilatre-de-rozier.com\/wp-content\/uploads\/2014\/08\/PDR-A.Even_.jpg 448w, https:\/\/www.pilatre-de-rozier.com\/wp-content\/uploads\/2014\/08\/PDR-A.Even_-300x200.jpg 300w, https:\/\/www.pilatre-de-rozier.com\/wp-content\/uploads\/2014\/08\/PDR-A.Even_-270x180.jpg 270w, https:\/\/www.pilatre-de-rozier.com\/wp-content\/uploads\/2014\/08\/PDR-A.Even_-370x246.jpg 370w, https:\/\/www.pilatre-de-rozier.com\/wp-content\/uploads\/2014\/08\/PDR-A.Even_-360x239.jpg 360w, https:\/\/www.pilatre-de-rozier.com\/wp-content\/uploads\/2014\/08\/PDR-A.Even_-263x175.jpg 263w\" data-sizes=\"(max-width: 448px) 100vw, 448px\" src=\"data:image\/svg+xml;base64,PHN2ZyB3aWR0aD0iMSIgaGVpZ2h0PSIxIiB4bWxucz0iaHR0cDovL3d3dy53My5vcmcvMjAwMC9zdmciPjwvc3ZnPg==\" style=\"--smush-placeholder-width: 448px; --smush-placeholder-aspect-ratio: 448\/298;\" \/><\/p>\n","protected":false},"excerpt":{"rendered":"<p>Pil\u00e2tre de Rozier Organisation was founded in 1983 by Philippe Buron Pil\u00e2tre, great grand nephew of the ballooning pioneer, Jean-Fran\u00e7ois Pil\u00e2tre de Rozier. In 1993, the team Pil\u00e2tre de Rozier settled on Chambley aerodrome in Meurthe-et-Moselle (Grand Est \u2013 France). Over the years, our company has specialized in the field of aeronautics to become expert. [&hellip;]<\/p>\n","protected":false},"author":4,"featured_media":0,"parent":486,"menu_order":0,"comment_status":"open","ping_status":"closed","template":"","meta":{"_et_pb_use_builder":"","_et_pb_old_content":"","_et_gb_content_width":"","footnotes":""},"class_list":["post-492","page","type-page","status-publish","hentry"],"_links":{"self":[{"href":"https:\/\/www.pilatre-de-rozier.com\/en\/wp-json\/wp\/v2\/pages\/492","targetHints":{"allow":["GET"]}}],"collection":[{"href":"https:\/\/www.pilatre-de-rozier.com\/en\/wp-json\/wp\/v2\/pages"}],"about":[{"href":"https:\/\/www.pilatre-de-rozier.com\/en\/wp-json\/wp\/v2\/types\/page"}],"author":[{"embeddable":true,"href":"https:\/\/www.pilatre-de-rozier.com\/en\/wp-json\/wp\/v2\/users\/4"}],"replies":[{"embeddable":true,"href":"https:\/\/www.pilatre-de-rozier.com\/en\/wp-json\/wp\/v2\/comments?post=492"}],"version-history":[{"count":3,"href":"https:\/\/www.pilatre-de-rozier.com\/en\/wp-json\/wp\/v2\/pages\/492\/revisions"}],"predecessor-version":[{"id":3461,"href":"https:\/\/www.pilatre-de-rozier.com\/en\/wp-json\/wp\/v2\/pages\/492\/revisions\/3461"}],"up":[{"embeddable":true,"href":"https:\/\/www.pilatre-de-rozier.com\/en\/wp-json\/wp\/v2\/pages\/486"}],"wp:attachment":[{"href":"https:\/\/www.pilatre-de-rozier.com\/en\/wp-json\/wp\/v2\/media?parent=492"}],"curies":[{"name":"wp","href":"https:\/\/api.w.org\/{rel}","templated":true}]}}