{"id":423,"date":"2014-10-01T13:25:31","date_gmt":"2014-10-01T12:25:31","guid":{"rendered":"http:\/\/www.pilatre-de-rozier.com\/lmab\/?page_id=423"},"modified":"2020-07-29T14:45:07","modified_gmt":"2020-07-29T13:45:07","slug":"pilatre-rozier-organisation","status":"publish","type":"page","link":"https:\/\/www.pilatre-de-rozier.com\/lmab\/en\/pilatre-rozier-organisation\/","title":{"rendered":"Pil\u00e2tre de Rozier Organisation"},"content":{"rendered":"<p>[vc_row][vc_column width=&#8221;1\/6&#8243;][\/vc_column][vc_column width=&#8221;4\/6&#8243;][vc_column_text]<\/p>\n<h2 style=\"text-align: justify\"><strong><span style=\"color: #000000\">About us<\/span><\/strong><\/h2>\n<h4><span style=\"color: #000000\"><strong><a href=\"http:\/\/www.pilatre-de-rozier.com\/lmab\/wp-content\/uploads\/sites\/2\/2014\/08\/logoPILATRE_DE_ROZIER.png\"><img decoding=\"async\" class=\"wp-image-4085 alignright lazyload\" title=\"Logo Pil\u00e2tre de Rozier Organisation\" data-src=\"http:\/\/www.pilatre-de-rozier.com\/lmab\/wp-content\/uploads\/sites\/2\/2014\/08\/logoPILATRE_DE_ROZIER.png\" alt=\"\" width=\"79\" height=\"123\" data-srcset=\"https:\/\/www.pilatre-de-rozier.com\/lmab\/wp-content\/uploads\/sites\/2\/2014\/08\/logoPILATRE_DE_ROZIER.png 1897w, https:\/\/www.pilatre-de-rozier.com\/lmab\/wp-content\/uploads\/sites\/2\/2014\/08\/logoPILATRE_DE_ROZIER-321x500.png 321w, https:\/\/www.pilatre-de-rozier.com\/lmab\/wp-content\/uploads\/sites\/2\/2014\/08\/logoPILATRE_DE_ROZIER-768x1196.png 768w, https:\/\/www.pilatre-de-rozier.com\/lmab\/wp-content\/uploads\/sites\/2\/2014\/08\/logoPILATRE_DE_ROZIER-385x600.png 385w, https:\/\/www.pilatre-de-rozier.com\/lmab\/wp-content\/uploads\/sites\/2\/2014\/08\/logoPILATRE_DE_ROZIER-1233x1920.png 1233w, https:\/\/www.pilatre-de-rozier.com\/lmab\/wp-content\/uploads\/sites\/2\/2014\/08\/logoPILATRE_DE_ROZIER-600x934.png 600w, https:\/\/www.pilatre-de-rozier.com\/lmab\/wp-content\/uploads\/sites\/2\/2014\/08\/logoPILATRE_DE_ROZIER-169x263.png 169w, https:\/\/www.pilatre-de-rozier.com\/lmab\/wp-content\/uploads\/sites\/2\/2014\/08\/logoPILATRE_DE_ROZIER-231x360.png 231w, https:\/\/www.pilatre-de-rozier.com\/lmab\/wp-content\/uploads\/sites\/2\/2014\/08\/logoPILATRE_DE_ROZIER-360x560.png 360w, https:\/\/www.pilatre-de-rozier.com\/lmab\/wp-content\/uploads\/sites\/2\/2014\/08\/logoPILATRE_DE_ROZIER-263x409.png 263w\" data-sizes=\"(max-width: 79px) 100vw, 79px\" src=\"data:image\/svg+xml;base64,PHN2ZyB3aWR0aD0iMSIgaGVpZ2h0PSIxIiB4bWxucz0iaHR0cDovL3d3dy53My5vcmcvMjAwMC9zdmciPjwvc3ZnPg==\" style=\"--smush-placeholder-width: 79px; --smush-placeholder-aspect-ratio: 79\/123;\" \/><\/a>Grand Est Mondial Air Ballons\u00ae<\/strong><\/span><\/h4>\n<p style=\"text-align: justify\"><span style=\"color: #000000\">For more than 30 years now, Pil\u00e2tre de Rozier Organisation has managed the entire organization, marketing and communication of\u00a0 <strong>Grand Est\u00a0Mondial Air Ballons\u00ae<\/strong>. This international event which takes place every other year, brings together hundreds of pilots and balloons from around the world.<\/span><\/p>\n<h4><span style=\"color: #000000\"><strong><br \/>\nAll year long<br \/>\n<\/strong><\/span><\/h4>\n<p style=\"text-align: justify\"><span style=\"color: #000000\">Since 1993, Pil\u00e2tre de Rozier Organisation has been located on Chambley aerodrome at the heart of the Regional Natural Park of Lorraine (between the cities of Verdun, Metz and Nancy), and it has installed its permanent offices in September 2008. Seven employees work daily on the premises and warehouses of 2400 m2, facing the runway. If the preparation of Grand Est Mondial Air Ballons\u00ae is an important part of the activity, the site is a destination all year long because the company offers many other services.<\/span><\/p>\n<h4><strong><span style=\"color: #000000\"><br \/>\nBalloons<\/span><\/strong><\/h4>\n<p style=\"text-align: justify\"><span style=\"color: #000000\"><strong>Ballooning specialist<\/strong> for over 30 years, Pil\u00e2tre de Rozier Organisation manages <strong>a fleet of balloons<\/strong>, for communities and companies. It flew with balloons and passengers in Grand Est region, Europe and around the world.<\/span><\/p>\n<p style=\"text-align: justify\"><span style=\"color: #000000\">Pil\u00e2tre de Rozier Organisation also <strong>imports balloons<\/strong> (American brand, Head Balloons), and has an approved maintenance workshop. The company is also event organizer, public and press relations agency, and rents rooms to hold seminars and conferences for all types of organizations.<\/span><\/p>\n<h4 style=\"text-align: justify\"><strong><span style=\"color: #000000\"><br \/>\nTeaching, Training and Resources<\/span><\/strong><\/h4>\n<p style=\"text-align: justify\"><span style=\"color: #000000\"><strong>Educational visits<\/strong> are held regularly in A\u00e9romus\u00e9e (Museum of Pil\u00e2tre de Rozier) in partnership with the Regional Natural Park of Lorraine and the National Education with the label &#8220;Charter Education&#8221;. Educational workshops help discover the air world through treasure hunt, making model balloons, scientific explanations and history of ballooning.<\/span><\/p>\n<p style=\"text-align: justify\"><span style=\"color: #000000\">The company also has a <strong>Training Center<\/strong>. This structure provides dual skill in teaching themes: ballooning and communication. Indeed, it offers courses in two different departments: <strong>International School of Ballooning<\/strong> founded in 1983 that trained nearly 70 French and foreign pilots, and <strong>Communication Workshops<\/strong> including digital and strategic fields.<\/span><\/p>\n<p style=\"text-align: justify\"><span style=\"color: #000000\">A <strong>resources center<\/strong> (images, photos, texts and works), unique in the world, being digitized, contains a large collection of historical documents relating to aviation and ballooning.<\/span><\/p>\n<p style=\"text-align: justify\"><span style=\"color: #000000\">A <strong>center of excellence<\/strong> in an aerodrome in connection with other aeronautical disciplines practiced on the site, the Pil\u00e2tre de Rozier team looks forward to seeing you all year long on Chambley aerodrome!<\/span><\/p>\n<p>[\/vc_column_text][\/vc_column][vc_column width=&#8221;1\/6&#8243;][\/vc_column][\/vc_row]<\/p>\n","protected":false},"excerpt":{"rendered":"<p>[vc_row][vc_column width=&#8221;1\/6&#8243;][\/vc_column][vc_column width=&#8221;4\/6&#8243;][vc_column_text] About us Grand Est Mondial Air Ballons\u00ae For more than 30 years now, Pil\u00e2tre de Rozier Organisation has managed the entire organization, marketing and communication of\u00a0 Grand Est\u00a0Mondial Air Ballons\u00ae. This international event which takes place every other year, brings together hundreds of pilots and balloons from around the world. All year [&hellip;]<\/p>\n","protected":false},"author":4,"featured_media":0,"parent":0,"menu_order":0,"comment_status":"open","ping_status":"open","template":"","meta":{"_et_pb_use_builder":"on","_et_pb_old_content":"","_et_gb_content_width":"","footnotes":""},"class_list":["post-423","page","type-page","status-publish","hentry"],"_links":{"self":[{"href":"https:\/\/www.pilatre-de-rozier.com\/lmab\/en\/wp-json\/wp\/v2\/pages\/423","targetHints":{"allow":["GET"]}}],"collection":[{"href":"https:\/\/www.pilatre-de-rozier.com\/lmab\/en\/wp-json\/wp\/v2\/pages"}],"about":[{"href":"https:\/\/www.pilatre-de-rozier.com\/lmab\/en\/wp-json\/wp\/v2\/types\/page"}],"author":[{"embeddable":true,"href":"https:\/\/www.pilatre-de-rozier.com\/lmab\/en\/wp-json\/wp\/v2\/users\/4"}],"replies":[{"embeddable":true,"href":"https:\/\/www.pilatre-de-rozier.com\/lmab\/en\/wp-json\/wp\/v2\/comments?post=423"}],"version-history":[{"count":3,"href":"https:\/\/www.pilatre-de-rozier.com\/lmab\/en\/wp-json\/wp\/v2\/pages\/423\/revisions"}],"predecessor-version":[{"id":684,"href":"https:\/\/www.pilatre-de-rozier.com\/lmab\/en\/wp-json\/wp\/v2\/pages\/423\/revisions\/684"}],"wp:attachment":[{"href":"https:\/\/www.pilatre-de-rozier.com\/lmab\/en\/wp-json\/wp\/v2\/media?parent=423"}],"curies":[{"name":"wp","href":"https:\/\/api.w.org\/{rel}","templated":true}]}}