{"id":4615,"date":"2017-07-19T10:14:17","date_gmt":"2017-07-19T09:14:17","guid":{"rendered":"http:\/\/www.pilatre-de-rozier.com\/lmab\/public-2\/webcams\/"},"modified":"2018-09-28T16:34:38","modified_gmt":"2018-09-28T15:34:38","slug":"webcams","status":"publish","type":"page","link":"https:\/\/www.pilatre-de-rozier.com\/lmab\/en\/public-2\/webcams\/","title":{"rendered":"Webcams et webradio"},"content":{"rendered":"<p>[vc_row][vc_column width=&#8221;1\/2&#8243;][vc_column_text]<\/p>\n<h2>Webcam 1 &#8211; A\u00e9rodrome de Chambley<\/h2>\n<p>[\/vc_column_text][vc_raw_html]JTNDaW1nJTIwc3JjJTNEJTIyaHR0cCUzQSUyRiUyRnd3dy5sZXVyb3BldnVlZHVjaWVsLmNvbSUyRndlYmNhbSUyRmltYWdlLnBocCUzRmwlM0Q1MDAlMjZoJTNENTAwJTIyJTNF[\/vc_raw_html][\/vc_column][vc_column width=&#8221;1\/2&#8243;][vc_column_text]<\/p>\n<h2>Webcam 2 &#8211; A\u00e9rodrome de Chambley (1 photo toutes les 5 min.)<\/h2>\n<p>[\/vc_column_text][vc_raw_html]JTNDZGl2JTIwY2xhc3MlM0QlMjJjb250YWluZXJfbW9uc3VpdmlkZWNoYW50aWVyJTIyJTIwaWQlM0QlMjJ2aWV3ZXJfMSUyMiUyMHRpdGxlJTNEJTIyNjg0NzY4N2VhZjhjZDA3YmI3NDgxMzA4MjU1NGQzOTYlMjIlMjBzdHlsZSUzRCUyMmJvcmRlciUzQTFweCUyMHNvbGlkJTIwJTIzMDAwJTNCd2lkdGglM0E1MDBweCUzQiUyMiUzRSUzQyUyRmRpdiUzRQ==[\/vc_raw_html][vc_empty_space height=&#8221;25px&#8221;][vc_single_image image=&#8221;4687&#8243; img_size=&#8221;500&#8243; alignment=&#8221;center&#8221; onclick=&#8221;custom_link&#8221; img_link_target=&#8221;_blank&#8221; title=&#8221;webradio Good morning Chambley&#8221; link=&#8221;http:\/\/195.154.185.139\/radio\/85303\/stream\/123562&#8243;][\/vc_column][\/vc_row][vc_row][vc_column][vc_column_text]<\/p>\n<p style=\"text-align: justify\"><span style=\"color: #000000\"><span style=\"font-weight: 400\">Tous les deux ans, le Grand Est Mondial Air Ballons\u00ae fait sortir de terre une v\u00e9ritable ville qui a le plaisir d\u2019accueillir public, pilotes, partenaires et volontaires. Tout y est pens\u00e9 pour s\u2019y sentir bien, et ce d\u00e8s l\u2019arriv\u00e9e de chacun. C\u2019est ce \u00e0 quoi contribue la radio d\u00e9di\u00e9e \u00e0 l\u2019\u00e9v\u00e9nement, joyeusement nomm\u00e9e \u00a0\u201cGood Morning Chambley\u201d anim\u00e9e pendant 10 jours. Car n\u2019est-on pas <\/span><span style=\"font-weight: 400\">ravi <\/span><span style=\"font-weight: 400\">chaque ann\u00e9e impaire de lui (re)dire bonjour, \u00e0 cette <\/span><span style=\"font-weight: 400\">\u201cville au ballon\u201d ? <\/span><\/span><\/p>\n<p style=\"text-align: justify\"><span style=\"color: #000000\"><span style=\"font-weight: 400\">D\u00e8s le 26 juillet et jusqu\u2019au 04 ao\u00fbt 2019, \u00e0 l\u2019approche de la zone de <\/span><span style=\"font-weight: 400\">l\u2019a\u00e9rodrome de Chambley<\/span><\/span><span style=\"font-weight: 400\"><span style=\"color: #000000\"> branchez-vous sur la fr\u00e9quence de Good Morning Chambley 98.2 pour conna\u00eetre les actualit\u00e9s de la manifestation, \u00e9couter les reportages, suivre les animations, participer \u00e0 de nombreux jeux-concours ou encore profiter d\u2019une pause musicale !<\/span> <\/span><\/p>\n<p>[\/vc_column_text][\/vc_column][\/vc_row]<\/p>\n","protected":false},"excerpt":{"rendered":"<p>[vc_row][vc_column width=&#8221;1\/2&#8243;][vc_column_text] Webcam 1 &#8211; A\u00e9rodrome de Chambley [\/vc_column_text][vc_raw_html]JTNDaW1nJTIwc3JjJTNEJTIyaHR0cCUzQSUyRiUyRnd3dy5sZXVyb3BldnVlZHVjaWVsLmNvbSUyRndlYmNhbSUyRmltYWdlLnBocCUzRmwlM0Q1MDAlMjZoJTNENTAwJTIyJTNF[\/vc_raw_html][\/vc_column][vc_column width=&#8221;1\/2&#8243;][vc_column_text] Webcam 2 &#8211; A\u00e9rodrome de Chambley (1 photo toutes les 5 min.) [\/vc_column_text][vc_raw_html]JTNDZGl2JTIwY2xhc3MlM0QlMjJjb250YWluZXJfbW9uc3VpdmlkZWNoYW50aWVyJTIyJTIwaWQlM0QlMjJ2aWV3ZXJfMSUyMiUyMHRpdGxlJTNEJTIyNjg0NzY4N2VhZjhjZDA3YmI3NDgxMzA4MjU1NGQzOTYlMjIlMjBzdHlsZSUzRCUyMmJvcmRlciUzQTFweCUyMHNvbGlkJTIwJTIzMDAwJTNCd2lkdGglM0E1MDBweCUzQiUyMiUzRSUzQyUyRmRpdiUzRQ==[\/vc_raw_html][vc_empty_space height=&#8221;25px&#8221;][vc_single_image image=&#8221;4687&#8243; img_size=&#8221;500&#8243; alignment=&#8221;center&#8221; onclick=&#8221;custom_link&#8221; img_link_target=&#8221;_blank&#8221; title=&#8221;webradio Good morning Chambley&#8221; link=&#8221;http:\/\/195.154.185.139\/radio\/85303\/stream\/123562&#8243;][\/vc_column][\/vc_row][vc_row][vc_column][vc_column_text] Tous les deux ans, le Grand Est Mondial Air Ballons\u00ae fait sortir de terre une v\u00e9ritable ville qui a le plaisir [&hellip;]<\/p>\n","protected":false},"author":1,"featured_media":0,"parent":428,"menu_order":0,"comment_status":"closed","ping_status":"closed","template":"","meta":{"_et_pb_use_builder":"","_et_pb_old_content":"","_et_gb_content_width":"","footnotes":""},"class_list":["post-4615","page","type-page","status-publish","hentry"],"_links":{"self":[{"href":"https:\/\/www.pilatre-de-rozier.com\/lmab\/en\/wp-json\/wp\/v2\/pages\/4615","targetHints":{"allow":["GET"]}}],"collection":[{"href":"https:\/\/www.pilatre-de-rozier.com\/lmab\/en\/wp-json\/wp\/v2\/pages"}],"about":[{"href":"https:\/\/www.pilatre-de-rozier.com\/lmab\/en\/wp-json\/wp\/v2\/types\/page"}],"author":[{"embeddable":true,"href":"https:\/\/www.pilatre-de-rozier.com\/lmab\/en\/wp-json\/wp\/v2\/users\/1"}],"replies":[{"embeddable":true,"href":"https:\/\/www.pilatre-de-rozier.com\/lmab\/en\/wp-json\/wp\/v2\/comments?post=4615"}],"version-history":[{"count":3,"href":"https:\/\/www.pilatre-de-rozier.com\/lmab\/en\/wp-json\/wp\/v2\/pages\/4615\/revisions"}],"predecessor-version":[{"id":5043,"href":"https:\/\/www.pilatre-de-rozier.com\/lmab\/en\/wp-json\/wp\/v2\/pages\/4615\/revisions\/5043"}],"up":[{"embeddable":true,"href":"https:\/\/www.pilatre-de-rozier.com\/lmab\/en\/wp-json\/wp\/v2\/pages\/428"}],"wp:attachment":[{"href":"https:\/\/www.pilatre-de-rozier.com\/lmab\/en\/wp-json\/wp\/v2\/media?parent=4615"}],"curies":[{"name":"wp","href":"https:\/\/api.w.org\/{rel}","templated":true}]}}