{"id":4807,"date":"2017-08-02T15:35:28","date_gmt":"2017-08-02T14:35:28","guid":{"rendered":"http:\/\/www.pilatre-de-rozier.com\/lmab\/?page_id=4807\/"},"modified":"2018-09-28T16:39:11","modified_gmt":"2018-09-28T15:39:11","slug":"archives","status":"publish","type":"page","link":"https:\/\/www.pilatre-de-rozier.com\/lmab\/en\/galleries\/archives\/","title":{"rendered":"Pictures archives"},"content":{"rendered":"<h4 style=\"text-align: justify\"><strong><span style=\"color: #000000\">These photos are available in high definition to illustrate articles.<\/span><\/strong><br \/>\n<strong> <span style=\"color: #000000\"> It is compulsory to annotate the copyright (below the picture) for any use of the following photos.<\/span><\/strong><\/h4>\n<table style=\"height: 1162px\" width=\"521\">\n<tbody>\n<tr>\n<td style=\"text-align: center\"><img decoding=\"async\" class=\"aligncenter wp-image-938 lazyload\" title=\"Pil\u00e2tre de Rozier Organisation - LMAB\u00ae 2013 by A.Even\" data-src=\"http:\/\/62.210.92.201\/lmab\/wp-content\/uploads\/sites\/2\/2014\/10\/Pil\u00e2tre-de-Rozier-Organisation-LMAB\u00ae-2013-by-A.Even_.jpg\" alt=\"\" width=\"244\" height=\"138\" src=\"data:image\/svg+xml;base64,PHN2ZyB3aWR0aD0iMSIgaGVpZ2h0PSIxIiB4bWxucz0iaHR0cDovL3d3dy53My5vcmcvMjAwMC9zdmciPjwvc3ZnPg==\" style=\"--smush-placeholder-width: 244px; --smush-placeholder-aspect-ratio: 244\/138;\" \/><span style=\"color: #000000\"><strong>Pil\u00e2tre de Rozier Organisation\u00a0&#8211; A.Even<\/strong><\/span><\/td>\n<td style=\"text-align: center\"><img decoding=\"async\" class=\"aligncenter wp-image-937 lazyload\" title=\"Pil\u00e2tre de Rozier Organisation - Envol by A.Marchi\" data-src=\"http:\/\/62.210.92.201\/lmab\/wp-content\/uploads\/sites\/2\/2014\/10\/Pil\u00e2tre-de-Rozier-Organisation-Envol-by-A.Marchi.jpg\" alt=\"\" width=\"218\" height=\"145\" src=\"data:image\/svg+xml;base64,PHN2ZyB3aWR0aD0iMSIgaGVpZ2h0PSIxIiB4bWxucz0iaHR0cDovL3d3dy53My5vcmcvMjAwMC9zdmciPjwvc3ZnPg==\" style=\"--smush-placeholder-width: 218px; --smush-placeholder-aspect-ratio: 218\/145;\" \/><span style=\"color: #000000\"><strong>Pil\u00e2tre de Rozier Organisation &#8211; A.Marchi<\/strong><\/span><\/td>\n<\/tr>\n<tr>\n<td style=\"text-align: center\"><img decoding=\"async\" class=\"aligncenter wp-image-939 lazyload\" title=\"Pil\u00e2tre de Rozier Organisation - Record 2013 by A.Marchi\" data-src=\"http:\/\/62.210.92.201\/lmab\/wp-content\/uploads\/sites\/2\/2014\/10\/Pil\u00e2tre-de-Rozier-Organisation-Record-2013-by-A.Marchi.jpg\" alt=\"\" width=\"239\" height=\"159\" src=\"data:image\/svg+xml;base64,PHN2ZyB3aWR0aD0iMSIgaGVpZ2h0PSIxIiB4bWxucz0iaHR0cDovL3d3dy53My5vcmcvMjAwMC9zdmciPjwvc3ZnPg==\" style=\"--smush-placeholder-width: 239px; --smush-placeholder-aspect-ratio: 239\/159;\" \/><span style=\"color: #000000\"><strong>Pil\u00e2tre de Rozier Organisation &#8211; A.Marchi<\/strong><\/span><\/td>\n<td style=\"text-align: center\"><img decoding=\"async\" class=\"aligncenter wp-image-940 lazyload\" title=\"Pil\u00e2tre de Rozier Organisation - Partenaires by A.Even\" data-src=\"http:\/\/62.210.92.201\/lmab\/wp-content\/uploads\/sites\/2\/2014\/10\/Pil\u00e2tre-de-Rozier-Organisation-Partenaires-by-A.Even_.jpg\" alt=\"\" width=\"240\" height=\"160\" src=\"data:image\/svg+xml;base64,PHN2ZyB3aWR0aD0iMSIgaGVpZ2h0PSIxIiB4bWxucz0iaHR0cDovL3d3dy53My5vcmcvMjAwMC9zdmciPjwvc3ZnPg==\" style=\"--smush-placeholder-width: 240px; --smush-placeholder-aspect-ratio: 240\/160;\" \/><span style=\"color: #000000\"><strong>Pil\u00e2tre de Rozier Organisation &#8211; A.Even<\/strong><\/span><\/td>\n<\/tr>\n<tr>\n<td style=\"text-align: center\"><img decoding=\"async\" class=\"aligncenter wp-image-941 lazyload\" title=\"Pil\u00e2tre de Rozier Organisation - Voyages by P.Bodez\" data-src=\"http:\/\/62.210.92.201\/lmab\/wp-content\/uploads\/sites\/2\/2014\/10\/Pil\u00e2tre-de-Rozier-Organisation-Voyages-by-P.Bodez_.jpg\" alt=\"\" width=\"220\" height=\"165\" src=\"data:image\/svg+xml;base64,PHN2ZyB3aWR0aD0iMSIgaGVpZ2h0PSIxIiB4bWxucz0iaHR0cDovL3d3dy53My5vcmcvMjAwMC9zdmciPjwvc3ZnPg==\" style=\"--smush-placeholder-width: 220px; --smush-placeholder-aspect-ratio: 220\/165;\" \/><span style=\"color: #000000\"><strong>Pil\u00e2tre de Rozier Organisation &#8211; P.Bodez<\/strong><\/span><\/td>\n<td style=\"text-align: center\"><img decoding=\"async\" class=\"aligncenter wp-image-942 lazyload\" title=\"Pil\u00e2tre de Rozier Organisation - Ombres by A.Even\" data-src=\"http:\/\/62.210.92.201\/lmab\/wp-content\/uploads\/sites\/2\/2014\/10\/Pil\u00e2tre-de-Rozier-Organisation-Ombres-by-A.Even_.jpg\" alt=\"\" width=\"232\" height=\"154\" src=\"data:image\/svg+xml;base64,PHN2ZyB3aWR0aD0iMSIgaGVpZ2h0PSIxIiB4bWxucz0iaHR0cDovL3d3dy53My5vcmcvMjAwMC9zdmciPjwvc3ZnPg==\" style=\"--smush-placeholder-width: 232px; --smush-placeholder-aspect-ratio: 232\/154;\" \/><span style=\"color: #000000\"><strong>Pil\u00e2tre de Rozier Organisation &#8211; A.Even<\/strong><\/span><\/td>\n<\/tr>\n<tr>\n<td style=\"text-align: center\"><img decoding=\"async\" class=\"aligncenter wp-image-944 lazyload\" title=\"Pil\u00e2tre de Rozier Organisation - Visuel LMAB\u00ae 2015\" data-src=\"http:\/\/62.210.92.201\/lmab\/wp-content\/uploads\/sites\/2\/2014\/10\/Pil\u00e2tre-de-Rozier-Organisation-Visuel-LMAB\u00ae-2015.jpg\" alt=\"\" width=\"247\" height=\"166\" data-srcset=\"https:\/\/www.pilatre-de-rozier.com\/lmab\/wp-content\/uploads\/sites\/2\/2014\/10\/Pil\u00e2tre-de-Rozier-Organisation-Visuel-LMAB\u00ae-2015.jpg 850w, https:\/\/www.pilatre-de-rozier.com\/lmab\/wp-content\/uploads\/sites\/2\/2014\/10\/Pil\u00e2tre-de-Rozier-Organisation-Visuel-LMAB\u00ae-2015-555x373.jpg 555w, https:\/\/www.pilatre-de-rozier.com\/lmab\/wp-content\/uploads\/sites\/2\/2014\/10\/Pil\u00e2tre-de-Rozier-Organisation-Visuel-LMAB\u00ae-2015-768x517.jpg 768w, https:\/\/www.pilatre-de-rozier.com\/lmab\/wp-content\/uploads\/sites\/2\/2014\/10\/Pil\u00e2tre-de-Rozier-Organisation-Visuel-LMAB\u00ae-2015-800x538.jpg 800w, https:\/\/www.pilatre-de-rozier.com\/lmab\/wp-content\/uploads\/sites\/2\/2014\/10\/Pil\u00e2tre-de-Rozier-Organisation-Visuel-LMAB\u00ae-2015-600x404.jpg 600w\" data-sizes=\"(max-width: 247px) 100vw, 247px\" src=\"data:image\/svg+xml;base64,PHN2ZyB3aWR0aD0iMSIgaGVpZ2h0PSIxIiB4bWxucz0iaHR0cDovL3d3dy53My5vcmcvMjAwMC9zdmciPjwvc3ZnPg==\" style=\"--smush-placeholder-width: 247px; --smush-placeholder-aspect-ratio: 247\/166;\" \/><span style=\"color: #000000\"><strong>Pil\u00e2tre de Rozier Organisation &#8211; Visuel LMAB\u00ae 2015<\/strong><\/span><\/td>\n<td style=\"text-align: center\"><img decoding=\"async\" class=\"aligncenter wp-image-945 lazyload\" title=\"Pil\u00e2tre de Rozier Organisation - Hangar by C.Courtois\" data-src=\"http:\/\/62.210.92.201\/lmab\/wp-content\/uploads\/sites\/2\/2014\/10\/Pil\u00e2tre-de-Rozier-Organisation-Hangar-by-C.Courtois.jpg\" alt=\"\" width=\"243\" height=\"133\" src=\"data:image\/svg+xml;base64,PHN2ZyB3aWR0aD0iMSIgaGVpZ2h0PSIxIiB4bWxucz0iaHR0cDovL3d3dy53My5vcmcvMjAwMC9zdmciPjwvc3ZnPg==\" style=\"--smush-placeholder-width: 243px; --smush-placeholder-aspect-ratio: 243\/133;\" \/><span style=\"color: #000000\"><strong>Pil\u00e2tre de Rozier Organisation &#8211; C.Courtois<\/strong><\/span><\/td>\n<\/tr>\n<tr>\n<td style=\"text-align: center\"><img decoding=\"async\" class=\"aligncenter wp-image-936 lazyload\" title=\"Pil\u00e2tre de Rozier Organisation - Comp\u00e9tition by P.Bodez\" data-src=\"http:\/\/62.210.92.201\/lmab\/wp-content\/uploads\/sites\/2\/2014\/10\/Pil\u00e2tre-de-Rozier-Organisation-Comp\u00e9tition-by-P.Bodez_.jpg\" alt=\"\" width=\"167\" height=\"251\" src=\"data:image\/svg+xml;base64,PHN2ZyB3aWR0aD0iMSIgaGVpZ2h0PSIxIiB4bWxucz0iaHR0cDovL3d3dy53My5vcmcvMjAwMC9zdmciPjwvc3ZnPg==\" style=\"--smush-placeholder-width: 167px; --smush-placeholder-aspect-ratio: 167\/251;\" \/><span style=\"color: #000000\"><strong>Pil\u00e2tre de Rozier Organisation &#8211; P.Bodez<\/strong><\/span><\/td>\n<td style=\"text-align: center\"><img decoding=\"async\" class=\"aligncenter wp-image-943 lazyload\" title=\"Pil\u00e2tre de Rozier Organisation - Gonflement de nuit by M.Buchy\" data-src=\"http:\/\/62.210.92.201\/lmab\/wp-content\/uploads\/sites\/2\/2014\/10\/Pil\u00e2tre-de-Rozier-Organisation-Gonflement-de-nuit-by-M.Buchy_.jpg\" alt=\"\" width=\"169\" height=\"254\" src=\"data:image\/svg+xml;base64,PHN2ZyB3aWR0aD0iMSIgaGVpZ2h0PSIxIiB4bWxucz0iaHR0cDovL3d3dy53My5vcmcvMjAwMC9zdmciPjwvc3ZnPg==\" style=\"--smush-placeholder-width: 169px; --smush-placeholder-aspect-ratio: 169\/254;\" \/><span style=\"color: #000000\"><strong>Pil\u00e2tre de Rozier Organisation &#8211; M.Buchy<\/strong><\/span><\/td>\n<\/tr>\n<\/tbody>\n<\/table>\n<p>&nbsp;<\/p>\n","protected":false},"excerpt":{"rendered":"<p>These photos are available in high definition to illustrate articles. It is compulsory to annotate the copyright (below the picture) for any use of the following photos. Pil\u00e2tre de Rozier Organisation\u00a0&#8211; A.Even Pil\u00e2tre de Rozier Organisation &#8211; A.Marchi Pil\u00e2tre de Rozier Organisation &#8211; A.Marchi Pil\u00e2tre de Rozier Organisation &#8211; A.Even Pil\u00e2tre de Rozier Organisation &#8211; [&hellip;]<\/p>\n","protected":false},"author":1,"featured_media":0,"parent":791,"menu_order":0,"comment_status":"closed","ping_status":"closed","template":"","meta":{"_et_pb_use_builder":"","_et_pb_old_content":"","_et_gb_content_width":"","footnotes":""},"class_list":["post-4807","page","type-page","status-publish","hentry"],"_links":{"self":[{"href":"https:\/\/www.pilatre-de-rozier.com\/lmab\/en\/wp-json\/wp\/v2\/pages\/4807","targetHints":{"allow":["GET"]}}],"collection":[{"href":"https:\/\/www.pilatre-de-rozier.com\/lmab\/en\/wp-json\/wp\/v2\/pages"}],"about":[{"href":"https:\/\/www.pilatre-de-rozier.com\/lmab\/en\/wp-json\/wp\/v2\/types\/page"}],"author":[{"embeddable":true,"href":"https:\/\/www.pilatre-de-rozier.com\/lmab\/en\/wp-json\/wp\/v2\/users\/1"}],"replies":[{"embeddable":true,"href":"https:\/\/www.pilatre-de-rozier.com\/lmab\/en\/wp-json\/wp\/v2\/comments?post=4807"}],"version-history":[{"count":2,"href":"https:\/\/www.pilatre-de-rozier.com\/lmab\/en\/wp-json\/wp\/v2\/pages\/4807\/revisions"}],"predecessor-version":[{"id":4892,"href":"https:\/\/www.pilatre-de-rozier.com\/lmab\/en\/wp-json\/wp\/v2\/pages\/4807\/revisions\/4892"}],"up":[{"embeddable":true,"href":"https:\/\/www.pilatre-de-rozier.com\/lmab\/en\/wp-json\/wp\/v2\/pages\/791"}],"wp:attachment":[{"href":"https:\/\/www.pilatre-de-rozier.com\/lmab\/en\/wp-json\/wp\/v2\/media?parent=4807"}],"curies":[{"name":"wp","href":"https:\/\/api.w.org\/{rel}","templated":true}]}}