{"id":1143,"date":"2014-11-06T10:29:14","date_gmt":"2014-11-06T09:29:14","guid":{"rendered":"http:\/\/www.pilatre-de-rozier.com\/lmab\/?page_id=1143"},"modified":"2021-03-08T15:45:01","modified_gmt":"2021-03-08T14:45:01","slug":"equipe","status":"publish","type":"page","link":"https:\/\/www.pilatre-de-rozier.com\/lmab\/equipe\/","title":{"rendered":"L&rsquo;\u00e9quipe"},"content":{"rendered":"<p>[vc_row][vc_column width=\u00a0\u00bb1\/4&Prime;][movedo_single_image image_type=\u00a0\u00bbimage-caption\u00a0\u00bb image=\u00a0\u00bb12173&Prime; title_heading=\u00a0\u00bbh4&Prime; custom_title=\u00a0\u00bbContact\u00a0\u00bb custom_caption=\u00a0\u00bbmail : adu@pilatre-de-rozier.com<br \/>\ntel : 03 82 33 73 76&Prime; image_hover_style=\u00a0\u00bbhover-style-5&Prime; zoom_effect=\u00a0\u00bbnone\u00a0\u00bb overlay_opacity=\u00a0\u00bb0&Prime;][movedo_empty_space height_multiplier=\u00a0\u00bbcustom\u00a0\u00bb height=\u00a0\u00bb10px\u00a0\u00bb][movedo_title heading_tag=\u00a0\u00bbh5&Prime; heading=\u00a0\u00bbleader-text\u00a0\u00bb align=\u00a0\u00bbcenter\u00a0\u00bb]<strong>Aline Dufour<\/strong><br \/>\nDirectrice G\u00e9n\u00e9rale[\/movedo_title][\/vc_column][vc_column width=\u00a0\u00bb1\/4&Prime;][movedo_single_image image_type=\u00a0\u00bbimage-caption\u00a0\u00bb image=\u00a0\u00bb12175&Prime; title_heading=\u00a0\u00bbh4&Prime; custom_title=\u00a0\u00bbContact\u00a0\u00bb custom_caption=\u00a0\u00bbmail : pbp@pilatre-de-rozier.com<br \/>\ntel : 03 82 33 89 49&Prime; image_hover_style=\u00a0\u00bbhover-style-5&Prime; zoom_effect=\u00a0\u00bbnone\u00a0\u00bb overlay_opacity=\u00a0\u00bb0&Prime;][movedo_empty_space height_multiplier=\u00a0\u00bbcustom\u00a0\u00bb height=\u00a0\u00bb10px\u00a0\u00bb][movedo_title heading_tag=\u00a0\u00bbh5&Prime; heading=\u00a0\u00bbleader-text\u00a0\u00bb align=\u00a0\u00bbcenter\u00a0\u00bb]<strong>Philippe Buron Pil\u00e2tre<\/strong><br \/>\nCoordination G\u00e9n\u00e9rale[\/movedo_title][\/vc_column][vc_column width=\u00a0\u00bb1\/4&Prime;][movedo_single_image image_type=\u00a0\u00bbimage-caption\u00a0\u00bb image=\u00a0\u00bb12177&Prime; title_heading=\u00a0\u00bbh4&Prime; custom_title=\u00a0\u00bbContact\u00a0\u00bb custom_caption=\u00a0\u00bbmail : volontaire@pilatre-de-rozier.com<br \/>\ntel : 03 82 33 89 80&Prime; image_hover_style=\u00a0\u00bbhover-style-5&Prime; zoom_effect=\u00a0\u00bbnone\u00a0\u00bb overlay_opacity=\u00a0\u00bb0&Prime;][movedo_empty_space height_multiplier=\u00a0\u00bbcustom\u00a0\u00bb height=\u00a0\u00bb10px\u00a0\u00bb][movedo_title heading_tag=\u00a0\u00bbh5&Prime; heading=\u00a0\u00bbleader-text\u00a0\u00bb align=\u00a0\u00bbcenter\u00a0\u00bb]<strong>Denis Martignon<\/strong><br \/>\nOrganisation des Volontaires[\/movedo_title][\/vc_column][vc_column width=\u00a0\u00bb1\/4&Prime;][movedo_single_image image_type=\u00a0\u00bbimage-caption\u00a0\u00bb image=\u00a0\u00bb12179&Prime; title_heading=\u00a0\u00bbh4&Prime; custom_title=\u00a0\u00bbContact\u00a0\u00bb custom_caption=\u00a0\u00bbmail : presse@pilatre-de-rozier.com<br \/>\ntel : 03 82 33 73 74&Prime; image_hover_style=\u00a0\u00bbhover-style-5&Prime; zoom_effect=\u00a0\u00bbnone\u00a0\u00bb overlay_opacity=\u00a0\u00bb0&Prime;][movedo_empty_space height_multiplier=\u00a0\u00bbcustom\u00a0\u00bb height=\u00a0\u00bb10px\u00a0\u00bb][movedo_title heading_tag=\u00a0\u00bbh5&Prime; heading=\u00a0\u00bbleader-text\u00a0\u00bb align=\u00a0\u00bbcenter\u00a0\u00bb]<strong>Basile Dos Santos<\/strong><br \/>\nService Presse &amp; Communication[\/movedo_title][\/vc_column][\/vc_row][vc_row][vc_column width=\u00a0\u00bb1\/4&Prime;][movedo_single_image image_type=\u00a0\u00bbimage-caption\u00a0\u00bb image=\u00a0\u00bb12181&Prime; title_heading=\u00a0\u00bbh4&Prime; custom_title=\u00a0\u00bbContact\u00a0\u00bb custom_caption=\u00a0\u00bbmail : communication@pilatre-de-rozier.com<br \/>\ntel : 03 82 33 69 53&Prime; image_hover_style=\u00a0\u00bbhover-style-5&Prime; zoom_effect=\u00a0\u00bbnone\u00a0\u00bb overlay_opacity=\u00a0\u00bb0&Prime;][movedo_empty_space height_multiplier=\u00a0\u00bbcustom\u00a0\u00bb height=\u00a0\u00bb10px\u00a0\u00bb][movedo_title heading_tag=\u00a0\u00bbh5&Prime; heading=\u00a0\u00bbleader-text\u00a0\u00bb align=\u00a0\u00bbcenter\u00a0\u00bb]<strong>Carla Ambrosi<\/strong><br \/>\nAssistante Communication[\/movedo_title][\/vc_column][vc_column width=\u00a0\u00bb1\/4&Prime;][movedo_single_image image_type=\u00a0\u00bbimage-caption\u00a0\u00bb image=\u00a0\u00bb12183&Prime; title_heading=\u00a0\u00bbh4&Prime; custom_title=\u00a0\u00bbContact\u00a0\u00bb custom_caption=\u00a0\u00bbmail : pilote@pilatre-de-rozier.com<br \/>\ntel : 03 82 33 73 77&Prime; image_hover_style=\u00a0\u00bbhover-style-5&Prime; zoom_effect=\u00a0\u00bbnone\u00a0\u00bb overlay_opacity=\u00a0\u00bb0&Prime;][movedo_empty_space height_multiplier=\u00a0\u00bbcustom\u00a0\u00bb height=\u00a0\u00bb10px\u00a0\u00bb][movedo_title heading_tag=\u00a0\u00bbh5&Prime; heading=\u00a0\u00bbleader-text\u00a0\u00bb align=\u00a0\u00bbcenter\u00a0\u00bb]<strong>Damien Petit<\/strong><br \/>\nCoordination Pilotes[\/movedo_title][\/vc_column][vc_column width=\u00a0\u00bb1\/4&Prime;][movedo_single_image image_type=\u00a0\u00bbimage-caption\u00a0\u00bb image=\u00a0\u00bb12185&Prime; title_heading=\u00a0\u00bbh4&Prime; custom_title=\u00a0\u00bbContact\u00a0\u00bb custom_caption=\u00a0\u00bbmail : commercial@pilatre-de-rozier.com<br \/>\ntel : 03 82 33 73 72&Prime; image_hover_style=\u00a0\u00bbhover-style-5&Prime; zoom_effect=\u00a0\u00bbnone\u00a0\u00bb overlay_opacity=\u00a0\u00bb0&Prime;][movedo_empty_space height_multiplier=\u00a0\u00bbcustom\u00a0\u00bb height=\u00a0\u00bb10px\u00a0\u00bb][movedo_title heading_tag=\u00a0\u00bbh5&Prime; heading=\u00a0\u00bbleader-text\u00a0\u00bb align=\u00a0\u00bbcenter\u00a0\u00bb]<strong>Valentin Salin<\/strong><br \/>\nBusiness Developer[\/movedo_title][\/vc_column][vc_column width=\u00a0\u00bb1\/4&Prime;][movedo_single_image image_type=\u00a0\u00bbimage-caption\u00a0\u00bb image=\u00a0\u00bb12187&Prime; title_heading=\u00a0\u00bbh4&Prime; custom_title=\u00a0\u00bbContact\u00a0\u00bb custom_caption=\u00a0\u00bbmail : vente@pilatre-de-rozier.com<br \/>\ntel : 03 82 33 70 20&Prime; image_hover_style=\u00a0\u00bbhover-style-5&Prime; zoom_effect=\u00a0\u00bbnone\u00a0\u00bb overlay_opacity=\u00a0\u00bb0&Prime;][movedo_empty_space height_multiplier=\u00a0\u00bbcustom\u00a0\u00bb height=\u00a0\u00bb10px\u00a0\u00bb][movedo_title heading_tag=\u00a0\u00bbh5&Prime; heading=\u00a0\u00bbleader-text\u00a0\u00bb align=\u00a0\u00bbcenter\u00a0\u00bb]<strong>Nicolas Robinet<\/strong><br \/>\nBusiness Developer[\/movedo_title][\/vc_column][\/vc_row][vc_row][vc_column width=\u00a0\u00bb1\/4&Prime;][movedo_single_image image_type=\u00a0\u00bbimage-caption\u00a0\u00bb image=\u00a0\u00bb12189&Prime; title_heading=\u00a0\u00bbh4&Prime; custom_title=\u00a0\u00bbContact\u00a0\u00bb custom_caption=\u00a0\u00bbmail : partenaire@pilatre-de-rozier.com<br \/>\ntel : 03 82 33 89 35&Prime; image_hover_style=\u00a0\u00bbhover-style-5&Prime; zoom_effect=\u00a0\u00bbnone\u00a0\u00bb overlay_opacity=\u00a0\u00bb0&Prime;][movedo_empty_space height_multiplier=\u00a0\u00bbcustom\u00a0\u00bb height=\u00a0\u00bb10px\u00a0\u00bb][movedo_title heading_tag=\u00a0\u00bbh5&Prime; heading=\u00a0\u00bbleader-text\u00a0\u00bb align=\u00a0\u00bbcenter\u00a0\u00bb]<strong>Matthieu Toamain<\/strong><br \/>\nBusiness Developer[\/movedo_title][\/vc_column][vc_column width=\u00a0\u00bb1\/4&Prime;][movedo_single_image image_type=\u00a0\u00bbimage-caption\u00a0\u00bb image=\u00a0\u00bb12191&Prime; title_heading=\u00a0\u00bbh4&Prime; custom_title=\u00a0\u00bbContact\u00a0\u00bb custom_caption=\u00a0\u00bbmail : vol@pilatre-de-rozier.com<br \/>\ntel : 03 82 33 74 97&Prime; image_hover_style=\u00a0\u00bbhover-style-5&Prime; zoom_effect=\u00a0\u00bbnone\u00a0\u00bb overlay_opacity=\u00a0\u00bb0&Prime;][movedo_empty_space height_multiplier=\u00a0\u00bbcustom\u00a0\u00bb height=\u00a0\u00bb10px\u00a0\u00bb][movedo_title heading_tag=\u00a0\u00bbh5&Prime; heading=\u00a0\u00bbleader-text\u00a0\u00bb align=\u00a0\u00bbcenter\u00a0\u00bb]<strong>Cl\u00e9ment Claux<\/strong><br \/>\nFlying Planner[\/movedo_title][\/vc_column][vc_column width=\u00a0\u00bb1\/4&Prime;][movedo_single_image image_type=\u00a0\u00bbimage-caption\u00a0\u00bb image=\u00a0\u00bb12195&Prime; title_heading=\u00a0\u00bbh4&Prime; custom_title=\u00a0\u00bbContact\u00a0\u00bb custom_caption=\u00a0\u00bbmail : public@pilatre-de-rozier.com<br \/>\ntel : 03 82 33 73 78&Prime; image_hover_style=\u00a0\u00bbhover-style-5&Prime; zoom_effect=\u00a0\u00bbnone\u00a0\u00bb overlay_opacity=\u00a0\u00bb0&Prime;][movedo_empty_space height_multiplier=\u00a0\u00bbcustom\u00a0\u00bb height=\u00a0\u00bb10px\u00a0\u00bb][movedo_title heading_tag=\u00a0\u00bbh5&Prime; heading=\u00a0\u00bbleader-text\u00a0\u00bb align=\u00a0\u00bbcenter\u00a0\u00bb]<strong>Khalid Bartholome<\/strong><br \/>\nResponsable Ballonville Public[\/movedo_title][\/vc_column][vc_column width=\u00a0\u00bb1\/4&Prime;][\/vc_column][\/vc_row]<\/p>\n","protected":false},"excerpt":{"rendered":"<p>[vc_row][vc_column width=\u00a0\u00bb1\/4&Prime;][movedo_single_image image_type=\u00a0\u00bbimage-caption\u00a0\u00bb image=\u00a0\u00bb12173&Prime; title_heading=\u00a0\u00bbh4&Prime; custom_title=\u00a0\u00bbContact\u00a0\u00bb custom_caption=\u00a0\u00bbmail : adu@pilatre-de-rozier.com tel : 03 82 33 73 76&Prime; image_hover_style=\u00a0\u00bbhover-style-5&Prime; zoom_effect=\u00a0\u00bbnone\u00a0\u00bb overlay_opacity=\u00a0\u00bb0&Prime;][movedo_empty_space height_multiplier=\u00a0\u00bbcustom\u00a0\u00bb height=\u00a0\u00bb10px\u00a0\u00bb][movedo_title heading_tag=\u00a0\u00bbh5&Prime; heading=\u00a0\u00bbleader-text\u00a0\u00bb align=\u00a0\u00bbcenter\u00a0\u00bb]Aline Dufour Directrice G\u00e9n\u00e9rale[\/movedo_title][\/vc_column][vc_column width=\u00a0\u00bb1\/4&Prime;][movedo_single_image image_type=\u00a0\u00bbimage-caption\u00a0\u00bb image=\u00a0\u00bb12175&Prime; title_heading=\u00a0\u00bbh4&Prime; custom_title=\u00a0\u00bbContact\u00a0\u00bb custom_caption=\u00a0\u00bbmail : pbp@pilatre-de-rozier.com tel : 03 82 33 89 49&Prime; image_hover_style=\u00a0\u00bbhover-style-5&Prime; zoom_effect=\u00a0\u00bbnone\u00a0\u00bb overlay_opacity=\u00a0\u00bb0&Prime;][movedo_empty_space height_multiplier=\u00a0\u00bbcustom\u00a0\u00bb height=\u00a0\u00bb10px\u00a0\u00bb][movedo_title heading_tag=\u00a0\u00bbh5&Prime; heading=\u00a0\u00bbleader-text\u00a0\u00bb align=\u00a0\u00bbcenter\u00a0\u00bb]Philippe Buron Pil\u00e2tre Coordination G\u00e9n\u00e9rale[\/movedo_title][\/vc_column][vc_column width=\u00a0\u00bb1\/4&Prime;][movedo_single_image [&hellip;]<\/p>\n","protected":false},"author":1,"featured_media":0,"parent":0,"menu_order":0,"comment_status":"open","ping_status":"open","template":"","meta":{"_et_pb_use_builder":"","_et_pb_old_content":"","_et_gb_content_width":"","footnotes":""},"class_list":["post-1143","page","type-page","status-publish","hentry"],"_links":{"self":[{"href":"https:\/\/www.pilatre-de-rozier.com\/lmab\/wp-json\/wp\/v2\/pages\/1143","targetHints":{"allow":["GET"]}}],"collection":[{"href":"https:\/\/www.pilatre-de-rozier.com\/lmab\/wp-json\/wp\/v2\/pages"}],"about":[{"href":"https:\/\/www.pilatre-de-rozier.com\/lmab\/wp-json\/wp\/v2\/types\/page"}],"author":[{"embeddable":true,"href":"https:\/\/www.pilatre-de-rozier.com\/lmab\/wp-json\/wp\/v2\/users\/1"}],"replies":[{"embeddable":true,"href":"https:\/\/www.pilatre-de-rozier.com\/lmab\/wp-json\/wp\/v2\/comments?post=1143"}],"version-history":[{"count":4,"href":"https:\/\/www.pilatre-de-rozier.com\/lmab\/wp-json\/wp\/v2\/pages\/1143\/revisions"}],"predecessor-version":[{"id":8626,"href":"https:\/\/www.pilatre-de-rozier.com\/lmab\/wp-json\/wp\/v2\/pages\/1143\/revisions\/8626"}],"wp:attachment":[{"href":"https:\/\/www.pilatre-de-rozier.com\/lmab\/wp-json\/wp\/v2\/media?parent=1143"}],"curies":[{"name":"wp","href":"https:\/\/api.w.org\/{rel}","templated":true}]}}