{"id":12909,"date":"2021-05-26T16:34:33","date_gmt":"2021-05-26T14:34:33","guid":{"rendered":"https:\/\/www.pilatre-de-rozier.com\/lmab\/?page_id=12909"},"modified":"2021-05-26T16:34:34","modified_gmt":"2021-05-26T14:34:34","slug":"les-ambassadeurs-du-gemab21-inga-ule-lettonie","status":"publish","type":"page","link":"https:\/\/www.pilatre-de-rozier.com\/lmab\/les-ambassadeurs-du-gemab21-inga-ule-lettonie\/","title":{"rendered":"Les Ambassadeurs du #GEMAB21 : Inga \u016aLE -Lettonie"},"content":{"rendered":"\n<h3>Les Ambassadeurs du #GEMAB21 : Inga \u016aLE &#8211; Lettonie \ud83c\uddf1\ud83c\uddfb<\/h3>\n<p><a href=\"https:\/\/www.pilatre-de-rozier.com\/lmab\/wp-content\/uploads\/sites\/2\/2021\/05\/Inga-Ule3-2.jpg\"><img decoding=\"async\" class=\"wp-image-12910 alignright lazyload\" data-src=\"https:\/\/www.pilatre-de-rozier.com\/lmab\/wp-content\/uploads\/sites\/2\/2021\/05\/Inga-Ule3-2-500x500.jpg\" alt=\"\" width=\"385\" height=\"385\" data-srcset=\"https:\/\/www.pilatre-de-rozier.com\/lmab\/wp-content\/uploads\/sites\/2\/2021\/05\/Inga-Ule3-2-500x500.jpg 500w, https:\/\/www.pilatre-de-rozier.com\/lmab\/wp-content\/uploads\/sites\/2\/2021\/05\/Inga-Ule3-2-600x600.jpg 600w, https:\/\/www.pilatre-de-rozier.com\/lmab\/wp-content\/uploads\/sites\/2\/2021\/05\/Inga-Ule3-2-150x150.jpg 150w, https:\/\/www.pilatre-de-rozier.com\/lmab\/wp-content\/uploads\/sites\/2\/2021\/05\/Inga-Ule3-2-768x768.jpg 768w, https:\/\/www.pilatre-de-rozier.com\/lmab\/wp-content\/uploads\/sites\/2\/2021\/05\/Inga-Ule3-2-1536x1536.jpg 1536w, https:\/\/www.pilatre-de-rozier.com\/lmab\/wp-content\/uploads\/sites\/2\/2021\/05\/Inga-Ule3-2-560x560.jpg 560w, https:\/\/www.pilatre-de-rozier.com\/lmab\/wp-content\/uploads\/sites\/2\/2021\/05\/Inga-Ule3-2-900x900.jpg 900w, https:\/\/www.pilatre-de-rozier.com\/lmab\/wp-content\/uploads\/sites\/2\/2021\/05\/Inga-Ule3-2.jpg 1576w\" data-sizes=\"(max-width: 385px) 100vw, 385px\" src=\"data:image\/svg+xml;base64,PHN2ZyB3aWR0aD0iMSIgaGVpZ2h0PSIxIiB4bWxucz0iaHR0cDovL3d3dy53My5vcmcvMjAwMC9zdmciPjwvc3ZnPg==\" style=\"--smush-placeholder-width: 385px; --smush-placeholder-aspect-ratio: 385\/385;\" \/><\/a>Je suis pilote de montgolfi\u00e8re depuis 13 ans et j\u2019ai plus de 900 heures de vol. J\u2019ai vol\u00e9 dans 22 pays &#8211; Lettonie, Pologne, Lituanie, Estonie, France, Italie, Autriche, Slov\u00e9nie, Espagne, Hongrie, Russie, Allemagne, Roumanie, Italie, Bulgarie, Slovaquie, Bi\u00e9lorussie, Tha\u00eflande, Croatie, \u00c9tats-Unis, Suisse. Mon plus grand record en ballon est d\u2019avoir r\u00e9alis\u00e9 la travers\u00e9e des Alpes en hiver 6x l&rsquo;altitude (~5000-6000m).<\/p>\n<p>Je connais le Grand Est Mondial Air Ballons depuis 10 ans ! Je reviens tous les deux ans car j\u2019adore voir tous ces ballons dans le ciel, toute cette joie et retrouver mes amis pilotes. Je me sens b\u00e9nie et excit\u00e9e autour de tous ces ballons. C\u2019est tellement d\u2019\u00e9changes et de sourires. Mon moment pr\u00e9f\u00e9r\u00e9 \u00e0 Chambley est le sentiment que procure le d\u00e9collage de la Grande Ligne.<\/p>\n<p>Pendant le GEMAB, j&rsquo;en ai profit\u00e9 pour visiter Metz, le Luxembourg, les ch\u00e2teaux de Lorraine, les villages et beaucoup de champs de tournesols ! Si vous \u00eates pilote de montgolfi\u00e8re et que vous n&rsquo;avez jamais \u00e9t\u00e9 \u00e0 Chambley, c&rsquo;est comme si vous \u00e9tiez une femme et que vous n&rsquo;aviez jamais utilis\u00e9 de rouge \u00e0 l\u00e8vres rouge et de petite robe noire \ud83d\ude42<br \/>Une anecdote sur le GEMAB ? Lors de la derni\u00e8re \u00e9dition, j&rsquo;ai dans\u00e9 avec Philippe Buron Pil\u00e2tre sur la piste de danse \ud83d\ude42<\/p>\n","protected":false},"excerpt":{"rendered":"","protected":false},"author":4,"featured_media":0,"parent":0,"menu_order":0,"comment_status":"closed","ping_status":"closed","template":"","meta":{"_et_pb_use_builder":"","_et_pb_old_content":"","_et_gb_content_width":"","footnotes":""},"class_list":["post-12909","page","type-page","status-publish","hentry"],"_links":{"self":[{"href":"https:\/\/www.pilatre-de-rozier.com\/lmab\/wp-json\/wp\/v2\/pages\/12909","targetHints":{"allow":["GET"]}}],"collection":[{"href":"https:\/\/www.pilatre-de-rozier.com\/lmab\/wp-json\/wp\/v2\/pages"}],"about":[{"href":"https:\/\/www.pilatre-de-rozier.com\/lmab\/wp-json\/wp\/v2\/types\/page"}],"author":[{"embeddable":true,"href":"https:\/\/www.pilatre-de-rozier.com\/lmab\/wp-json\/wp\/v2\/users\/4"}],"replies":[{"embeddable":true,"href":"https:\/\/www.pilatre-de-rozier.com\/lmab\/wp-json\/wp\/v2\/comments?post=12909"}],"version-history":[{"count":1,"href":"https:\/\/www.pilatre-de-rozier.com\/lmab\/wp-json\/wp\/v2\/pages\/12909\/revisions"}],"predecessor-version":[{"id":12912,"href":"https:\/\/www.pilatre-de-rozier.com\/lmab\/wp-json\/wp\/v2\/pages\/12909\/revisions\/12912"}],"wp:attachment":[{"href":"https:\/\/www.pilatre-de-rozier.com\/lmab\/wp-json\/wp\/v2\/media?parent=12909"}],"curies":[{"name":"wp","href":"https:\/\/api.w.org\/{rel}","templated":true}]}}