{"id":12956,"date":"2021-05-26T17:16:05","date_gmt":"2021-05-26T15:16:05","guid":{"rendered":"https:\/\/www.pilatre-de-rozier.com\/lmab\/?page_id=12956"},"modified":"2021-05-26T17:16:06","modified_gmt":"2021-05-26T15:16:06","slug":"les-ambassadeurs-du-gemab21-mohammad-sobri-saad-malaisie","status":"publish","type":"page","link":"https:\/\/www.pilatre-de-rozier.com\/lmab\/les-ambassadeurs-du-gemab21-mohammad-sobri-saad-malaisie\/","title":{"rendered":"Les Ambassadeurs du #GEMAB21 : Mohammad Sobri Saad &#8211; Malaisie"},"content":{"rendered":"\n<h3>Les Ambassadeurs du #GEMAB21 : Mohammad Sobri Saad &#8211; Malaisie \ud83c\uddf2\ud83c\uddfe<\/h3>\n<p><a href=\"https:\/\/www.pilatre-de-rozier.com\/lmab\/wp-content\/uploads\/sites\/2\/2021\/05\/IMG_9194_photo.jpg\"><img decoding=\"async\" class=\"wp-image-12957 alignright lazyload\" data-src=\"https:\/\/www.pilatre-de-rozier.com\/lmab\/wp-content\/uploads\/sites\/2\/2021\/05\/IMG_9194_photo-555x500.jpg\" alt=\"\" width=\"322\" height=\"290\" data-srcset=\"https:\/\/www.pilatre-de-rozier.com\/lmab\/wp-content\/uploads\/sites\/2\/2021\/05\/IMG_9194_photo-555x500.jpg 555w, https:\/\/www.pilatre-de-rozier.com\/lmab\/wp-content\/uploads\/sites\/2\/2021\/05\/IMG_9194_photo-667x600.jpg 667w, https:\/\/www.pilatre-de-rozier.com\/lmab\/wp-content\/uploads\/sites\/2\/2021\/05\/IMG_9194_photo-768x691.jpg 768w, https:\/\/www.pilatre-de-rozier.com\/lmab\/wp-content\/uploads\/sites\/2\/2021\/05\/IMG_9194_photo.jpg 1067w\" data-sizes=\"(max-width: 322px) 100vw, 322px\" src=\"data:image\/svg+xml;base64,PHN2ZyB3aWR0aD0iMSIgaGVpZ2h0PSIxIiB4bWxucz0iaHR0cDovL3d3dy53My5vcmcvMjAwMC9zdmciPjwvc3ZnPg==\" style=\"--smush-placeholder-width: 322px; --smush-placeholder-aspect-ratio: 322\/290;\" \/><\/a>Je suis pilote de montgolfi\u00e8re depuis 25 ans et j&rsquo;ai plus de 400 heures de vol \u00e0 mon actif. J&rsquo;ai vol\u00e9 dans 18 pays en Asie, en Europe et en Afrique.<\/p>\n<p>Le Grand Est Mondial Air Ballons 2021 sera ma 3\u00e8me visite \u00e0 Chambley. Je reviens tous les deux ans car c&rsquo;est une formidable occasion de retrouver de vieux amis et de s\u2019en faire de nouveaux. C&rsquo;est aussi un excellent terrain d\u2019envol, on y retrouve une bonne cuisine et des gens sympathiques de Lorraine.<\/p>\n<p>Mon moment pr\u00e9f\u00e9r\u00e9 est lors de chaque d\u00e9collage, lorsque des centaines de ballons d\u00e9collent en m\u00eame temps. On se sent \u00e9merveill\u00e9 de voler avec des centaines de ballons. Si vous \u00eates un pilote, cela doit \u00eatre dans votre liste des choses \u00e0 faire. <br \/>J&rsquo;en profite \u00e9galement pour visiter de nombreux endroits, comme Metz, Nancy et les villes et villages environnants. J&rsquo;ai visit\u00e9 le Mus\u00e9e Pompidou \u00e0 Metz et le Football Club de Metz. J&rsquo;adore la ville de Metz.<\/p>\n<p>Une anecdote sur le GEMAB ? C&rsquo;est arriv\u00e9 en 2017 lors du lancement du record du monde. Mon ventail de rotation s&rsquo;est bloqu\u00e9, si bien que le ballon a continu\u00e9 \u00e0 tourner pendant tout le vol.<\/p>\n","protected":false},"excerpt":{"rendered":"","protected":false},"author":4,"featured_media":0,"parent":0,"menu_order":0,"comment_status":"closed","ping_status":"closed","template":"","meta":{"_et_pb_use_builder":"","_et_pb_old_content":"","_et_gb_content_width":"","footnotes":""},"class_list":["post-12956","page","type-page","status-publish","hentry"],"_links":{"self":[{"href":"https:\/\/www.pilatre-de-rozier.com\/lmab\/wp-json\/wp\/v2\/pages\/12956","targetHints":{"allow":["GET"]}}],"collection":[{"href":"https:\/\/www.pilatre-de-rozier.com\/lmab\/wp-json\/wp\/v2\/pages"}],"about":[{"href":"https:\/\/www.pilatre-de-rozier.com\/lmab\/wp-json\/wp\/v2\/types\/page"}],"author":[{"embeddable":true,"href":"https:\/\/www.pilatre-de-rozier.com\/lmab\/wp-json\/wp\/v2\/users\/4"}],"replies":[{"embeddable":true,"href":"https:\/\/www.pilatre-de-rozier.com\/lmab\/wp-json\/wp\/v2\/comments?post=12956"}],"version-history":[{"count":1,"href":"https:\/\/www.pilatre-de-rozier.com\/lmab\/wp-json\/wp\/v2\/pages\/12956\/revisions"}],"predecessor-version":[{"id":12959,"href":"https:\/\/www.pilatre-de-rozier.com\/lmab\/wp-json\/wp\/v2\/pages\/12956\/revisions\/12959"}],"wp:attachment":[{"href":"https:\/\/www.pilatre-de-rozier.com\/lmab\/wp-json\/wp\/v2\/media?parent=12956"}],"curies":[{"name":"wp","href":"https:\/\/api.w.org\/{rel}","templated":true}]}}