{"id":12968,"date":"2021-05-26T17:38:55","date_gmt":"2021-05-26T15:38:55","guid":{"rendered":"https:\/\/www.pilatre-de-rozier.com\/lmab\/?page_id=12968"},"modified":"2021-05-26T17:40:01","modified_gmt":"2021-05-26T15:40:01","slug":"les-ambassadeurs-du-gemab21-klosek-wlodzimierz-pologne","status":"publish","type":"page","link":"https:\/\/www.pilatre-de-rozier.com\/lmab\/les-ambassadeurs-du-gemab21-klosek-wlodzimierz-pologne\/","title":{"rendered":"Les Ambassadeurs du #GEMAB21 : Wlodzimierz KLOSEK &#8211; Pologne"},"content":{"rendered":"\n<h3>Les Ambassadeurs du #GEMAB21 : Wlodzimierz KLOSEK &#8211; Pologne \ud83c\uddf5\ud83c\uddf1<\/h3>\n<p><a href=\"https:\/\/www.pilatre-de-rozier.com\/lmab\/wp-content\/uploads\/sites\/2\/2021\/05\/Wvlo.jpg\"><img decoding=\"async\" class=\"wp-image-12969 alignright lazyload\" data-src=\"https:\/\/www.pilatre-de-rozier.com\/lmab\/wp-content\/uploads\/sites\/2\/2021\/05\/Wvlo-555x500.jpg\" alt=\"\" width=\"357\" height=\"322\" data-srcset=\"https:\/\/www.pilatre-de-rozier.com\/lmab\/wp-content\/uploads\/sites\/2\/2021\/05\/Wvlo-555x500.jpg 555w, https:\/\/www.pilatre-de-rozier.com\/lmab\/wp-content\/uploads\/sites\/2\/2021\/05\/Wvlo-667x600.jpg 667w, https:\/\/www.pilatre-de-rozier.com\/lmab\/wp-content\/uploads\/sites\/2\/2021\/05\/Wvlo-768x691.jpg 768w, https:\/\/www.pilatre-de-rozier.com\/lmab\/wp-content\/uploads\/sites\/2\/2021\/05\/Wvlo.jpg 1067w\" data-sizes=\"(max-width: 357px) 100vw, 357px\" src=\"data:image\/svg+xml;base64,PHN2ZyB3aWR0aD0iMSIgaGVpZ2h0PSIxIiB4bWxucz0iaHR0cDovL3d3dy53My5vcmcvMjAwMC9zdmciPjwvc3ZnPg==\" style=\"--smush-placeholder-width: 357px; --smush-placeholder-aspect-ratio: 357\/322;\" \/><\/a>Je suis pilote de montgolfi\u00e8re depuis 1990 et j\u2019ai 1 347 heures de vol \u00e0 ce jour. J&rsquo;ai voyag\u00e9 en montgolfi\u00e8re \u00e0 travers la Pologne, la France, l&rsquo;Allemagne, l&rsquo;Autriche et les \u00c9tats-Unis. Mon plus grand record est d&rsquo;avoir vol\u00e9 \u00e0 11125 m\u00e8tres d&rsquo;altitude.<\/p>\n<p>Je viens au Grand Est Mondial Air Ballons presque depuis le d\u00e9but (depuis 1991). J&rsquo;aime venir au #GEMAB pour rencontrer des pilotes du monde entier, la possibilit\u00e9 d&rsquo;interagir avec des personnes int\u00e9ressantes et la possibilit\u00e9 de voler dans la belle r\u00e9gion Lorraine.<\/p>\n<p>Si vous \u00eates un pilote de montgolfi\u00e8re et que vous n&rsquo;avez jamais \u00e9t\u00e9 \u00e0 Chambley, venez ici ! Quand vous volez au milieu de tous ces ballons, c&rsquo;est fantastique, nous partageons cette passion avec des centaines de personnes du monde entier. Mon moment pr\u00e9f\u00e9r\u00e9 au #GEMAB est le jour d\u2019arriv\u00e9e, lors des retrouvailles avec de vieux amis.<\/p>\n<p>Le seul \u00e9v\u00e9nement de ce genre doit \u00eatre vu par tout le monde. Lors de mon voyage en Lorraine, j&rsquo;ai profit\u00e9 de l&rsquo;occasion pour visiter l&rsquo;architecture, les paysages, les gens &#8230;<\/p>\n","protected":false},"excerpt":{"rendered":"","protected":false},"author":4,"featured_media":0,"parent":0,"menu_order":0,"comment_status":"closed","ping_status":"closed","template":"","meta":{"_et_pb_use_builder":"","_et_pb_old_content":"","_et_gb_content_width":"","footnotes":""},"class_list":["post-12968","page","type-page","status-publish","hentry"],"_links":{"self":[{"href":"https:\/\/www.pilatre-de-rozier.com\/lmab\/wp-json\/wp\/v2\/pages\/12968","targetHints":{"allow":["GET"]}}],"collection":[{"href":"https:\/\/www.pilatre-de-rozier.com\/lmab\/wp-json\/wp\/v2\/pages"}],"about":[{"href":"https:\/\/www.pilatre-de-rozier.com\/lmab\/wp-json\/wp\/v2\/types\/page"}],"author":[{"embeddable":true,"href":"https:\/\/www.pilatre-de-rozier.com\/lmab\/wp-json\/wp\/v2\/users\/4"}],"replies":[{"embeddable":true,"href":"https:\/\/www.pilatre-de-rozier.com\/lmab\/wp-json\/wp\/v2\/comments?post=12968"}],"version-history":[{"count":2,"href":"https:\/\/www.pilatre-de-rozier.com\/lmab\/wp-json\/wp\/v2\/pages\/12968\/revisions"}],"predecessor-version":[{"id":12972,"href":"https:\/\/www.pilatre-de-rozier.com\/lmab\/wp-json\/wp\/v2\/pages\/12968\/revisions\/12972"}],"wp:attachment":[{"href":"https:\/\/www.pilatre-de-rozier.com\/lmab\/wp-json\/wp\/v2\/media?parent=12968"}],"curies":[{"name":"wp","href":"https:\/\/api.w.org\/{rel}","templated":true}]}}