{"id":12994,"date":"2021-05-26T18:02:22","date_gmt":"2021-05-26T16:02:22","guid":{"rendered":"https:\/\/www.pilatre-de-rozier.com\/lmab\/?page_id=12994"},"modified":"2021-06-02T10:27:44","modified_gmt":"2021-06-02T08:27:44","slug":"les-ambassadeurs-du-gemab21-don-cameron-royaume-uni","status":"publish","type":"page","link":"https:\/\/www.pilatre-de-rozier.com\/lmab\/les-ambassadeurs-du-gemab21-don-cameron-royaume-uni\/","title":{"rendered":"Les Ambassadeurs du #GEMAB21 : Don      Cameron &#8211; Royaume-Uni"},"content":{"rendered":"\n<h3>Les Ambassadeurs du #GEMAB21 : Don Cameron &#8211; Royaume-Uni \ud83c\uddec\ud83c\udde7<\/h3>\n<p><a href=\"https:\/\/www.pilatre-de-rozier.com\/lmab\/wp-content\/uploads\/sites\/2\/2021\/05\/DonCAMERONRoyaumeUni.jpg\"><img decoding=\"async\" class=\"wp-image-12995 alignright lazyload\" data-src=\"https:\/\/www.pilatre-de-rozier.com\/lmab\/wp-content\/uploads\/sites\/2\/2021\/05\/DonCAMERONRoyaumeUni-430x500.jpg\" alt=\"\" width=\"155\" height=\"180\" data-srcset=\"https:\/\/www.pilatre-de-rozier.com\/lmab\/wp-content\/uploads\/sites\/2\/2021\/05\/DonCAMERONRoyaumeUni-430x500.jpg 430w, https:\/\/www.pilatre-de-rozier.com\/lmab\/wp-content\/uploads\/sites\/2\/2021\/05\/DonCAMERONRoyaumeUni.jpg 492w\" data-sizes=\"(max-width: 155px) 100vw, 155px\" src=\"data:image\/svg+xml;base64,PHN2ZyB3aWR0aD0iMSIgaGVpZ2h0PSIxIiB4bWxucz0iaHR0cDovL3d3dy53My5vcmcvMjAwMC9zdmciPjwvc3ZnPg==\" style=\"--smush-placeholder-width: 155px; --smush-placeholder-aspect-ratio: 155\/180;\" \/><\/a>Je suis pilote de montgolfi\u00e8re depuis 53 ans et j&rsquo;ai environ 1500 heures de vol. J&rsquo;ai vol\u00e9 \u00e0 travers de nombreux pays. En 1971, j\u2019ai fond\u00e9 la soci\u00e9t\u00e9 Cameron Balloons Ltd. Tout au long de ma vie, j&rsquo;ai eu 10 dipl\u00f4mes de record pour diff\u00e9rents vols.<\/p>\n<p>Je connais le Grand Est Mondial Air Ballons depuis sa premi\u00e8re \u00e9dition, en 1989. Je n&rsquo;ai pas assist\u00e9 \u00e0 toutes les \u00e9ditions, mais j&rsquo;ai appr\u00e9ci\u00e9 celle d&rsquo;il y a deux ou trois ans, o\u00f9 le vent \u00e9tait fort pendant toute la semaine, les grands espaces d&rsquo;atterrissage ont facilit\u00e9 les choses.<\/p>\n<p>J&rsquo;appr\u00e9cie de venir au #GEMAB pour le grand nombre de montgolfi\u00e8res, c&rsquo;est un spectacle magnifique. Il est difficile de choisir mon moment pr\u00e9f\u00e9r\u00e9 pendant l&rsquo;\u00e9v\u00e9nement, je suis toujours heureux de voler avec beaucoup d&rsquo;autres ballons, m\u00eame si cela n\u00e9cessite de l\u2019attention.<\/p>\n<p>En tant que pilote de montgolfi\u00e8re, vous devez y participer au moins une fois !<\/p>\n","protected":false},"excerpt":{"rendered":"","protected":false},"author":4,"featured_media":0,"parent":0,"menu_order":0,"comment_status":"closed","ping_status":"closed","template":"","meta":{"_et_pb_use_builder":"","_et_pb_old_content":"","_et_gb_content_width":"","footnotes":""},"class_list":["post-12994","page","type-page","status-publish","hentry"],"_links":{"self":[{"href":"https:\/\/www.pilatre-de-rozier.com\/lmab\/wp-json\/wp\/v2\/pages\/12994","targetHints":{"allow":["GET"]}}],"collection":[{"href":"https:\/\/www.pilatre-de-rozier.com\/lmab\/wp-json\/wp\/v2\/pages"}],"about":[{"href":"https:\/\/www.pilatre-de-rozier.com\/lmab\/wp-json\/wp\/v2\/types\/page"}],"author":[{"embeddable":true,"href":"https:\/\/www.pilatre-de-rozier.com\/lmab\/wp-json\/wp\/v2\/users\/4"}],"replies":[{"embeddable":true,"href":"https:\/\/www.pilatre-de-rozier.com\/lmab\/wp-json\/wp\/v2\/comments?post=12994"}],"version-history":[{"count":1,"href":"https:\/\/www.pilatre-de-rozier.com\/lmab\/wp-json\/wp\/v2\/pages\/12994\/revisions"}],"predecessor-version":[{"id":13189,"href":"https:\/\/www.pilatre-de-rozier.com\/lmab\/wp-json\/wp\/v2\/pages\/12994\/revisions\/13189"}],"wp:attachment":[{"href":"https:\/\/www.pilatre-de-rozier.com\/lmab\/wp-json\/wp\/v2\/media?parent=12994"}],"curies":[{"name":"wp","href":"https:\/\/api.w.org\/{rel}","templated":true}]}}