{"id":237,"date":"2014-09-03T15:33:14","date_gmt":"2014-09-03T14:33:14","guid":{"rendered":"http:\/\/www.pilatre-de-rozier.com\/lmab\/?page_id=237"},"modified":"2023-09-27T10:39:48","modified_gmt":"2023-09-27T08:39:48","slug":"baptemes-de-l-air","status":"publish","type":"page","link":"https:\/\/www.pilatre-de-rozier.com\/lmab\/public\/baptemes-de-l-air\/","title":{"rendered":"Bapt\u00eames de l&rsquo;air"},"content":{"rendered":"<p>[et_pb_section fb_built=\u00a0\u00bb1&Prime; _builder_version=\u00a0\u00bb4.18.0&Prime; _module_preset=\u00a0\u00bbdefault\u00a0\u00bb background_enable_pattern_style=\u00a0\u00bbon\u00a0\u00bb background_pattern_style=\u00a0\u00bbwaves\u00a0\u00bb background_pattern_color=\u00a0\u00bbrgba(0,0,0,0.05)\u00a0\u00bb background_pattern_size=\u00a0\u00bbcustom\u00a0\u00bb background_pattern_width=\u00a0\u00bb50px\u00a0\u00bb background_pattern_height=\u00a0\u00bb6px\u00a0\u00bb background_pattern_repeat_origin=\u00a0\u00bbcenter\u00a0\u00bb global_colors_info=\u00a0\u00bb{}\u00a0\u00bb][et_pb_row _builder_version=\u00a0\u00bb4.18.0&Prime; _module_preset=\u00a0\u00bbdefault\u00a0\u00bb global_colors_info=\u00a0\u00bb{}\u00a0\u00bb][et_pb_column type=\u00a0\u00bb4_4&Prime; _builder_version=\u00a0\u00bb4.18.0&Prime; _module_preset=\u00a0\u00bbdefault\u00a0\u00bb global_colors_info=\u00a0\u00bb{}\u00a0\u00bb][et_pb_text _builder_version=\u00a0\u00bb4.22.2&Prime; ul_font=\u00a0\u00bb||||||||\u00a0\u00bb ol_font=\u00a0\u00bb||||||||\u00a0\u00bb header_font=\u00a0\u00bb||||||||\u00a0\u00bb header_2_font=\u00a0\u00bbRaleway|700|||||||\u00a0\u00bb header_2_font_size=\u00a0\u00bb56px\u00a0\u00bb header_2_letter_spacing=\u00a0\u00bb-2px\u00a0\u00bb header_2_line_height=\u00a0\u00bb1.2em\u00a0\u00bb custom_margin=\u00a0\u00bb||20px|\u00a0\u00bb hover_enabled=\u00a0\u00bb0&Prime; header_2_font_size_tablet=\u00a0\u00bb36px\u00a0\u00bb header_2_font_size_phone=\u00a0\u00bb\u00a0\u00bb header_2_font_size_last_edited=\u00a0\u00bbon|phone\u00a0\u00bb global_colors_info=\u00a0\u00bb{}\u00a0\u00bb sticky_enabled=\u00a0\u00bb0&Prime;]<\/p>\n<h4 style=\"text-align: center;\">L&rsquo;acitivt\u00e9 bapt\u00eames de l\u2019air cesse<\/h4>\n<p>[\/et_pb_text][et_pb_text _builder_version=\u00a0\u00bb4.22.2&Prime; _module_preset=\u00a0\u00bbdefault\u00a0\u00bb text_font_size=\u00a0\u00bb15px\u00a0\u00bb position_origin_a=\u00a0\u00bbcenter_center\u00a0\u00bb hover_enabled=\u00a0\u00bb0&Prime; global_colors_info=\u00a0\u00bb{}\u00a0\u00bb sticky_enabled=\u00a0\u00bb0&Prime;]<\/p>\n<p style=\"text-align: center;\"><span style=\"font-weight: 400;\">\u00c0 la suite de notre d\u00e9cision de cesser l&rsquo;organisation du GEMAB, nous avons pris la d\u00e9cision d\u2019arr\u00eater \u00e9galement l\u2019exploitation commerciale des vols passagers en montgolfi\u00e8res. La compagnie a\u00e9rienne Pil\u00e2tre de Rozier cesse ses activit\u00e9s. \u00c0 l\u2019heure actuelle, nous ne sommes pas en mesure de vous conseiller un professionnel dans notre r\u00e9gion. Nous en sommes infiniment d\u00e9sol\u00e9s et nous vous souhaitons bonne chance dans vos recherches.<\/span><\/p>\n<p>[\/et_pb_text][\/et_pb_column][\/et_pb_row][\/et_pb_section]<\/p>\n","protected":false},"excerpt":{"rendered":"<p>L&rsquo;acitivt\u00e9 bapt\u00eames de l\u2019air cesse\u00c0 la suite de notre d\u00e9cision de cesser l&rsquo;organisation du GEMAB, nous avons pris la d\u00e9cision d\u2019arr\u00eater \u00e9galement l\u2019exploitation commerciale des vols passagers en montgolfi\u00e8res. La compagnie a\u00e9rienne Pil\u00e2tre de Rozier cesse ses activit\u00e9s. \u00c0 l\u2019heure actuelle, nous ne sommes pas en mesure de vous conseiller un professionnel dans notre r\u00e9gion. [&hellip;]<\/p>\n","protected":false},"author":4,"featured_media":0,"parent":53,"menu_order":0,"comment_status":"open","ping_status":"closed","template":"","meta":{"_et_pb_use_builder":"on","_et_pb_old_content":"[vc_row section_type=\"fullwidth\" bg_type=\"gradient\" bg_gradient_color_1=\"rgba(221,51,51,0.9)\" bg_gradient_color_2=\"rgba(255,255,255,0.9)\" bg_gradient_direction=\"135\" padding_top_multiplier=\"custom\" padding_bottom_multiplier=\"custom\" columns_gap=\"none\" padding_top=\"10px\" padding_bottom=\"10px\"][vc_column width=\"1\/2\" css=\".vc_custom_1601287126972{padding-left: 100px !important;}\"][vc_empty_space height=\"24px\"][vc_column_text]\r\n<h3><span style=\"color: #ffffff\">La pr\u00e9sentation du pass sanitaire s\u2019impose \u00e0 tous les visiteurs. Les contr\u00f4les seront effectu\u00e9s \u00e0 la sortie des parkings.<\/span><\/h3>\r\n[\/vc_column_text][vc_empty_space height=\"24px\"][\/vc_column][vc_column width=\"1\/2\"][vc_empty_space height=\"15px\"][movedo_button align=\"center\" animation=\"grve-fade-in\" button_text=\"CLIQUEZ ICI POUR RETROUVER TOUTES LES INFOS SUR LE PASS SANITAIRE\" button_color=\"red\" button_hover_color=\"white\" button_size=\"large\" button_shape=\"extra-round\" button_link=\"url:https%3A%2F%2Fwww.gouvernement.fr%2Finfo-coronavirus%2Fpass-sanitaire|title:pass%20sanitaire|target:_blank\" btn_add_icon=\"yes\" btn_icon_fontawesome=\"fas fa-star-of-life\"][\/vc_column][\/vc_row][vc_row padding_top_multiplier=\"2x\"][vc_column][movedo_title heading_tag=\"h1\" heading=\"h1\" increase_heading=\"140\" align=\"center\" animation=\"grve-fade-in-up\"]R\u00e9servez votre bapt\u00eame de l'air en montgolfi\u00e8re au #GEMAB21[\/movedo_title][\/vc_column][\/vc_row][vc_row][vc_column width=\"1\/4\"][\/vc_column][vc_column width=\"1\/4\"][movedo_title]\r\n\r\n&nbsp;\r\n\r\n&nbsp;\r\n<p style=\"text-align: center\">CONTACTEZ LA BILLETTERIE AU 03.82.33.73.73<\/p>\r\n[\/movedo_title][\/vc_column][vc_column width=\"1\/4\"][movedo_icon_box icon_size=\"large\" icon_fontawesome=\"fas fa-copy\" icon_color=\"custom\" icon_color_custom=\"#ea660e\" icon_animation=\"yes\" title=\"CGV\" heading_tag=\"h2\" link=\"url:https%3A%2F%2Fdrive.google.com%2Ffile%2Fd%2F1kxob0X83YYACOtvc2LIPZiLJA1Nud-0d%2Fview%3Fusp%3Dsharing|title:conditions%20g%C3%A9n%C3%A9rales%20de%20vente|target:_blank|rel:nofollow\"]Lire les conditions g\u00e9n\u00e9rales de vente pour un bapt\u00eame de l'air au #GEMAB21[\/movedo_icon_box][\/vc_column][vc_column width=\"1\/4\"][\/vc_column][\/vc_row][vc_row][vc_column vertical_content_position=\"middle\"][vc_column_text text_style=\"leader-text\" css=\".vc_custom_1601368841731{padding-top: 30px !important;padding-right: 25px !important;padding-bottom: 30px !important;padding-left: 25px !important;background-color: #f7f7f7 !important;border-radius: 10px !important;}\"]<strong>Le tarif pour un bapt\u00eame de l\u2019air est de 250\u20ac TTC\/personne pour un vol d\u2019une heure environ. Au total, cela repr\u00e9sente une aventure de deux heures avec un \u00e9quipage professionnel !<\/strong>\r\n\r\n&gt; Avant la manifestation, les billets de vol officiels Grand Est Mondial Air Ballons\u00ae sont vendus exclusivement au bureau de l'organisation (t\u00e9l\u00a0 +33 3 82 33 77 77) et sur notre site.\r\n&gt; Pendant la manifestation, les billets sont vendus au stand BILLETTERIE \u00e0 l\u2019entr\u00e9e Est de Ballonville Public (<i>Passage des Pilotes<\/i>).\r\n\r\nLe r\u00e8glement s\u2019effectue \u00e0 la r\u00e9servation* par carte bancaire, ch\u00e8que, virement ou esp\u00e8ces. Une fois le paiement re\u00e7u, nous vous envoyons votre billet de bapt\u00eame de l'air par voie postale.\r\n*<em>R\u00e9servation dans la limite des places disponibles.<\/em>[\/vc_column_text][vc_empty_space height=\"40px\"][vc_column_text]\r\n<p style=\"text-align: justify\">Les vols de montgolfi\u00e8res ont lieu tous les jours \u00ab \u00e0 la fra\u00eeche \u00bb, en d\u00e9but et en fin de journ\u00e9e, sous r\u00e9serve des conditions m\u00e9t\u00e9orologiques.<\/p>\r\n<p style=\"text-align: justify\">En cas de m\u00e9t\u00e9o d\u00e9favorable, le vol sera \u00e0 votre discr\u00e9tion report\u00e9 ou rembours\u00e9, sous r\u00e9serve de vous \u00eatre pr\u00e9sent\u00e9 \u00e0 l\u2019enregistrement \u00e0 la billetterie le jour J.<\/p>\r\n[\/vc_column_text][\/vc_column][\/vc_row][vc_row][vc_column][vc_empty_space][movedo_title heading=\"h1\" increase_heading=\"140\"]FAQ[\/movedo_title][vc_tta_accordion c_icon=\"chevron\" active_section=\"1\" accordion_style=\"style-2\" heading=\"h5\"][vc_tta_section title=\"A quelle heure dois-je \u00eatre pr\u00e9sent si je r\u00e9serve un bapt\u00eame en montgolfi\u00e8re pendant le #GEMAB21 ?\" tab_id=\"1597397919599-bb33cb46-78a4\"][vc_column_text text_style=\"leader-text\"]Si vous avez r\u00e9serv\u00e9 un bapt\u00eame de l\u2019air en montgolfi\u00e8re, voici les horaires \u00e0 respecter :\r\n<ul>\r\n \t<li>Envol du matin : 6h15 (Limite d\u2019enregistrement)<\/li>\r\n \t<li>Envol du soir : 18h30 (Limite d\u2019enregistrement)<\/li>\r\n<\/ul>\r\nL\u2019enregistrement se d\u00e9roule au niveau de la billetterie situ\u00e9e du c\u00f4t\u00e9 de l\u2019entr\u00e9e Est de l\u2019\u00e9v\u00e9nement.[\/vc_column_text][\/vc_tta_section][vc_tta_section title=\"Pourquoi les ballons volent t\u00f4t le matin tard le soir\" tab_id=\"1612192929896-f32da3aa-2827\"][vc_column_text text_style=\"leader-text\"]Les ballons doivent voler dans une atmosph\u00e8re stable avec des vents inf\u00e9rieurs \u00e0 10 noeuds (18 km\/h) et sur une manifestation comme le GEMAB \u00e0 moins de 5 noeuds. Ce qui est impossible en pleine journ\u00e9e l\u2019\u00e9t\u00e9. Par contre l\u2019hiver, l\u2019atmosph\u00e8re est plus stable et on peut voler dans la journ\u00e9e.[\/vc_column_text][\/vc_tta_section][vc_tta_section title=\"Combien de temps dure un vol ?\" tab_id=\"1597398062704-a91395fa-890b\"][vc_column_text text_style=\"leader-text\"]Un vol dure en moyenne une heure. Mais le passager est associ\u00e9 \u00e0 la pr\u00e9paration du vol et au retour apr\u00e8s le vol. Le ballon ne revient pas \u00e0 son point de d\u00e9part, c\u2019est un v\u00e9hicule au sol qui vient r\u00e9cup\u00e9rer le pilote, ses passagers et le ballon.[\/vc_column_text][\/vc_tta_section][vc_tta_section title=\"\u00c0 quel \u00e2ge on peut monter dans un ballon ?\" tab_id=\"1597398301964-743f4a63-1ca6\"][vc_column_text text_style=\"leader-text\"]La pratique de la montgolfi\u00e8re est plut\u00f4t r\u00e9serv\u00e9e aux grands enfants ;-)\r\n\r\nEn effet, l\u2019a\u00e9rostation est une activit\u00e9 sportive \u00e0 part enti\u00e8re mais encore contemplative pour les heureux passagers.\r\n\r\nUn enfant trop jeune ou non mature se lassera vite et ne saura pas savourer cette jolie exp\u00e9rience \u00e0 sa juste valeur.\r\n\r\nNous n'acceptons pas les enfants de moins de 6 ans et mesurant moins d\u20191m20. Pour des raisons \u00e9videntes de s\u00e9curit\u00e9, il est impossible de tenir les enfants dans ses bras pour leur permettre d\u2019appr\u00e9cier le paysage.\r\n\r\nEt tout enfant de moins de 12 ans doit \u00eatre accompagn\u00e9 d\u2019un adulte majeur responsable.[\/vc_column_text][\/vc_tta_section][vc_tta_section title=\"Peut on voler lorsque l\u2019on est handicap\u00e9 ?\" tab_id=\"1597398495215-64b702f8-4025\"][vc_column_text text_style=\"leader-text\"]Il existe des nacelles adapt\u00e9es pour les personnes handicap\u00e9es. Dans tous les cas l\u2019avis du m\u00e9decin traitant est requis. Tr\u00e8s fortement d\u00e9conseill\u00e9 en cas de handicap mental. Durant le #GEMAB, nous veillons \u00e0 l\u2019accessibilit\u00e9 de la f\u00eate pour tous avec un acc\u00e8s et un parking r\u00e9serv\u00e9 pour les PMR, mais encore des sanitaires adapt\u00e9s et une aire de vue prioritaire avec une signal\u00e9tique de sensibilisation pour tous.\r\n\r\nNous accueillons certes un ou deux ballons \u00e0 nacelles accessibles, mais les quelques places dans ces nacelles sont r\u00e9serv\u00e9es au d\u00e9partement de Meurthe et Moselle.[\/vc_column_text][\/vc_tta_section][vc_tta_section title=\"Pourquoi cela co\u00fbte 250 euros de voler en ballon ?\" tab_id=\"1597398280555-3381a57b-8fc2\"][vc_column_text text_style=\"leader-text\"]C\u2019est une discipline exceptionnelle. On fait peu de vols par an, acheter une montgolfi\u00e8re est on\u00e9reux (moyenne de 50.000 euros), il faut \u00e9galement un v\u00e9hicule pour tracter la remorque et ramener les passagers apr\u00e8s le vol. Vous rajoutez \u00e0 cela les assurances, les visites obligatoires, les r\u00e9parations et le propane sans oublier la formation. Mais un vol dure une heure et vous procure des sensations inoubliables : le prix de l\u2019exceptionnel.[\/vc_column_text][\/vc_tta_section][vc_tta_section title=\"Pourquoi ne sait-on pas en avance si cela va voler ?\" tab_id=\"1597398146260-ae3ec96d-48ff\"][vc_column_text text_style=\"leader-text\"]La m\u00e9t\u00e9o n\u2019est pas une science exacte. Il peut pleuvoir \u00e0 Metz et \u00e0 Nancy et faire beau sur l\u2019a\u00e9rodrome de Chambley. On doit tenir compte de l\u2019observation dans la zone o\u00f9 se trouve la montgolfi\u00e8re mais \u00e9galement des bulletins m\u00e9t\u00e9os r\u00e9gionaux et nationaux pour anticiper les \u00e9volutions. Parfois une heure avant on ne sait pas si les vents vont baisser, si la pluie ne va pas arriver.[\/vc_column_text][\/vc_tta_section][vc_tta_section title=\"Comment faire si le vol est annul\u00e9 ?\" tab_id=\"1612192946585-aa475e79-b39c\"][vc_column_text text_style=\"leader-text\"]Pas moins de 19 vols sont programm\u00e9s du vendredi 23 juillet au dimanche 01 ao\u00fbt 2021 \u00ab \u00e0 la fra\u00eeche \u00bb, en d\u00e9but et en fin de journ\u00e9e, sous r\u00e9serve des conditions m\u00e9t\u00e9orologiques.\r\n\r\nEn cas de m\u00e9t\u00e9o d\u00e9favorable, le vol sera \u00e0 votre discr\u00e9tion report\u00e9 ou rembours\u00e9, sous r\u00e9serve de vous \u00eatre pr\u00e9sent\u00e9 \u00e0 l\u2019enregistrement \u00e0 la billetterie le jour J.[\/vc_column_text][\/vc_tta_section][\/vc_tta_accordion][\/vc_column][\/vc_row][vc_row][vc_column width=\"1\/3\" shadow=\"small\"][vc_column_text css=\".vc_custom_1597411394561{padding-top: 5% !important;padding-right: 5% !important;padding-bottom: 5% !important;padding-left: 5% !important;}\"]\r\n\r\nEn r\u00e9gion Grand Est\r\nwww.grandest.fr\r\n\r\nwww.tourisme-lorraine.fr\r\n\r\nwww.tourisme-meurtheetmoselle.fr\r\n\r\nwww.moselle-tourisme.com\r\n\r\nwww.tourisme-meuse.com\r\n\r\nwww.tourismevosges.fr\r\n\r\nwww.pnr-lorraine.com\r\n\r\n[\/vc_column_text][\/vc_column][vc_column width=\"1\/3\" shadow=\"small\" css=\".vc_custom_1555774256622{padding-top: 5% !important;padding-right: 5% !important;padding-bottom: 5% !important;padding-left: 5% !important;}\"][vc_column_text]\r\n\r\nVilles lorraines\r\nwww.nancy-tourisme.fr\r\n\r\nwww.tourisme-metz.com\r\n\r\nwww.thionville.fr\r\n\r\nwww.tourisme-barleduc.fr\r\n\r\nwww.verdun-tourisme.com\r\n\r\nwww.office-tourisme-epinal.com\r\n\r\n[\/vc_column_text][\/vc_column][vc_column width=\"1\/3\" shadow=\"small\" css=\".vc_custom_1555774267368{padding-top: 5% !important;padding-right: 5% !important;padding-bottom: 5% !important;padding-left: 5% !important;}\"][vc_column_text]\r\n\r\nR\u00e9gions frontali\u00e8res\r\nwww.ot-arlon.be (Wallonie \/Belgique)\r\nwww.visitluxembourg.com (Luxembourg)\r\nwww.saarland.de (Sarre \/ Allemagne)\r\nwww.rlp.de (Rh\u00e9nanie-Palatinat \/ Allemagne)\r\nwww.granderegion.net\r\n\r\n[\/vc_column_text][\/vc_column][\/vc_row]","_et_gb_content_width":"","footnotes":""},"class_list":["post-237","page","type-page","status-publish","hentry"],"_links":{"self":[{"href":"https:\/\/www.pilatre-de-rozier.com\/lmab\/wp-json\/wp\/v2\/pages\/237","targetHints":{"allow":["GET"]}}],"collection":[{"href":"https:\/\/www.pilatre-de-rozier.com\/lmab\/wp-json\/wp\/v2\/pages"}],"about":[{"href":"https:\/\/www.pilatre-de-rozier.com\/lmab\/wp-json\/wp\/v2\/types\/page"}],"author":[{"embeddable":true,"href":"https:\/\/www.pilatre-de-rozier.com\/lmab\/wp-json\/wp\/v2\/users\/4"}],"replies":[{"embeddable":true,"href":"https:\/\/www.pilatre-de-rozier.com\/lmab\/wp-json\/wp\/v2\/comments?post=237"}],"version-history":[{"count":3,"href":"https:\/\/www.pilatre-de-rozier.com\/lmab\/wp-json\/wp\/v2\/pages\/237\/revisions"}],"predecessor-version":[{"id":17446,"href":"https:\/\/www.pilatre-de-rozier.com\/lmab\/wp-json\/wp\/v2\/pages\/237\/revisions\/17446"}],"up":[{"embeddable":true,"href":"https:\/\/www.pilatre-de-rozier.com\/lmab\/wp-json\/wp\/v2\/pages\/53"}],"wp:attachment":[{"href":"https:\/\/www.pilatre-de-rozier.com\/lmab\/wp-json\/wp\/v2\/media?parent=237"}],"curies":[{"name":"wp","href":"https:\/\/api.w.org\/{rel}","templated":true}]}}