{"id":3950,"date":"2017-02-24T07:46:29","date_gmt":"2017-02-24T06:46:29","guid":{"rendered":"http:\/\/www.pilatre-de-rozier.com\/lmab\/?page_id=3950\/"},"modified":"2023-01-25T11:25:01","modified_gmt":"2023-01-25T10:25:01","slug":"ambassadeurs","status":"publish","type":"page","link":"https:\/\/www.pilatre-de-rozier.com\/lmab\/pilote\/ambassadeurs\/","title":{"rendered":"Ambassadeurs #GEMAB21"},"content":{"rendered":"<p>[et_pb_section fb_built=\u00a0\u00bb1&Prime; admin_label=\u00a0\u00bbsection\u00a0\u00bb _builder_version=\u00a0\u00bb4.16&Prime; global_colors_info=\u00a0\u00bb{}\u00a0\u00bb][et_pb_row admin_label=\u00a0\u00bbrow\u00a0\u00bb _builder_version=\u00a0\u00bb4.16&Prime; background_size=\u00a0\u00bbinitial\u00a0\u00bb background_position=\u00a0\u00bbtop_left\u00a0\u00bb background_repeat=\u00a0\u00bbrepeat\u00a0\u00bb global_colors_info=\u00a0\u00bb{}\u00a0\u00bb][et_pb_column type=\u00a0\u00bb4_4&Prime; _builder_version=\u00a0\u00bb4.16&Prime; custom_padding=\u00a0\u00bb|||\u00a0\u00bb global_colors_info=\u00a0\u00bb{}\u00a0\u00bb custom_padding__hover=\u00a0\u00bb|||\u00a0\u00bb][et_pb_text admin_label=\u00a0\u00bbText\u00a0\u00bb _builder_version=\u00a0\u00bb4.19.1&Prime; background_size=\u00a0\u00bbinitial\u00a0\u00bb background_position=\u00a0\u00bbtop_left\u00a0\u00bb background_repeat=\u00a0\u00bbrepeat\u00a0\u00bb hover_enabled=\u00a0\u00bb0&Prime; global_colors_info=\u00a0\u00bb{}\u00a0\u00bb sticky_enabled=\u00a0\u00bb0&Prime;]<\/p>\n<p><span style=\"color: #333333;\">Ambassadeurs Pil\u00e2tre de Rozier Organisation pour le #GEMAB23<\/span><\/p>\n<p style=\"text-align: justify;\"><span style=\"color: #808080;\">Depuis 1989 nous invitons (tous les deux ans) sur la terre natale du pionnier de l\u2019histoire de la conqu\u00eate des airs, les pilotes du monde entier qui peuvent ainsi se rassembler, partager et \u00e9changer autour de leur passion commune pour les airs. Une formidable adh\u00e9sion de la communaut\u00e9 a\u00e9rostatique a permis \u00e0 l\u2019\u00e9v\u00e9nement Grand Est Mondial Air Ballons\u00ae de se hisser, depuis lors, au rang du plus grand rassemblement international de montgolfi\u00e8res au monde.<br \/>Depuis 2013, nous d\u00e9signons des Ambassadeurs Pil\u00e2tre de Rozier, acteurs engag\u00e9s dans le monde de la montgolfi\u00e8re. L\u2019occasion de les mettre \u00e0 l\u2019honneur. Nous comptons sur eux pour assurer la renomm\u00e9e de Pil\u00e2tre de Rozier et du Grand Est Mondial Air Ballons\u00ae.<\/span><\/p>\n<p>[\/et_pb_text][\/et_pb_column][\/et_pb_row][\/et_pb_section]<\/p>\n","protected":false},"excerpt":{"rendered":"<p>Ambassadeurs Pil\u00e2tre de Rozier Organisation pour le #GEMAB23 Depuis 1989 nous invitons (tous les deux ans) sur la terre natale du pionnier de l\u2019histoire de la conqu\u00eate des airs, les pilotes du monde entier qui peuvent ainsi se rassembler, partager et \u00e9changer autour de leur passion commune pour les airs. Une formidable adh\u00e9sion de la [&hellip;]<\/p>\n","protected":false},"author":4,"featured_media":0,"parent":55,"menu_order":0,"comment_status":"closed","ping_status":"closed","template":"","meta":{"_et_pb_use_builder":"on","_et_pb_old_content":"[vc_row padding_top_multiplier=\"\"][vc_column][movedo_title heading=\"h1\" animation=\"grve-fade-in-up\"]<span style=\"color: #333333\">Ambassadeurs Pil\u00e2tre de Rozier Organisation pour le #GEMAB21<\/span>[\/movedo_title][\/vc_column][\/vc_row][vc_row padding_top_multiplier=\"\"][vc_column text_align=\"center\"][vc_column_text text_style=\"leader-text\" animation=\"grve-fade-in-up\"]\r\n<p style=\"text-align: justify\"><span style=\"color: #808080\">Depuis 1989 nous invitons (tous les deux ans) sur la terre natale du pionnier de l\u2019histoire de la conqu\u00eate des airs, les pilotes du monde entier qui peuvent ainsi se rassembler, partager et \u00e9changer autour de leur passion commune pour les airs. Une formidable adh\u00e9sion de la communaut\u00e9 a\u00e9rostatique a permis \u00e0 l\u2019\u00e9v\u00e9nement Grand Est Mondial Air Ballons\u00ae de se hisser, depuis lors, au rang du plus grand rassemblement international de montgolfi\u00e8res au monde.\r\nDepuis 2013, nous d\u00e9signons des Ambassadeurs Pil\u00e2tre de Rozier, acteurs engag\u00e9s dans le monde de la montgolfi\u00e8re. L\u2019occasion de les mettre \u00e0 l\u2019honneur. Nous comptons sur eux pour assurer la renomm\u00e9e de Pil\u00e2tre de Rozier et du Grand Est Mondial Air Ballons\u00ae.\r\n<\/span><\/p>\r\n<p style=\"text-align: justify\"><span style=\"color: #808080\">A l'occasion de la 17e \u00e9dition de l'\u00e9v\u00e9nement, qui aura lieu du 23 juillet au 01 ao\u00fbt 2021, 17 ambassadeurs ont \u00e9t\u00e9 nomm\u00e9s.<\/span><\/p>\r\n<p style=\"text-align: justify\"><span style=\"color: #808080\">Voici les Ambassadeurs du #GEMAB21 !<\/span><\/p>\r\n[\/vc_column_text][\/vc_column][\/vc_row][vc_row][vc_column][vc_separator color=\"sandy_brown\" css_animation=\"fadeInUp\"][\/vc_column][\/vc_row][vc_row columns_gap=\"45\"][vc_column width=\"1\/4\" text_align=\"center\" shadow=\"small\"][movedo_single_image image_mode=\"square\" image=\"13103\"][vc_empty_space height=\"15px\"][movedo_title align=\"center\" margin_bottom=\"0px\"]<span style=\"color: #000000\">Bertrand PICCARD<\/span>[\/movedo_title][vc_column_text text_style=\"leader-text\"]<strong><span style=\"color: #000000\">CITOYEN DU MONDE \ud83c\udf0e<\/span><\/strong>[\/vc_column_text][vc_empty_space height=\"10px\"][movedo_button btn_fluid=\"custom\" btn_custom_width=\"250px\" align=\"center\" button_text=\"D\u00e9couvrir le portrait\" button_type=\"underline\" button_color=\"primary-6\" button_line_color=\"primary-6\" button_size=\"large\" button_link=\"url:https%3A%2F%2Fwww.pilatre-de-rozier.com%2Flmab%2Fles-ambassadeurs-du-gemab21-bertrand-piccard-ambassadeur-du-monde|title:Portrait%20de%20Bertrand%20PICCARD%20|target:_blank\"][\/vc_column][vc_column width=\"1\/4\" text_align=\"center\" shadow=\"small\"][movedo_single_image image_mode=\"square\" image=\"13105\"][vc_empty_space height=\"15px\"][movedo_title align=\"center\" margin_bottom=\"0px\"]<span style=\"color: #000000\">Richard BOVELL\u00a0<\/span>[\/movedo_title][vc_column_text text_style=\"leader-text\"]<strong><span style=\"color: #000000\">AFRIQUE DU SUD \ud83c\uddff\ud83c\udde6<\/span><\/strong>[\/vc_column_text][vc_empty_space height=\"10px\"][movedo_button btn_fluid=\"custom\" btn_custom_width=\"250px\" align=\"center\" button_text=\"D\u00e9couvrir le portrait\" button_type=\"underline\" button_color=\"primary-6\" button_line_color=\"primary-6\" button_size=\"large\" button_link=\"url:https%3A%2F%2Fwww.pilatre-de-rozier.com%2Flmab%2Fgemab21-ambassadors-richard-bovell-south-africa%2F%20|title:Portrait%20de%20Richard%20BOVELL|target:_blank\"][\/vc_column][vc_column width=\"1\/4\" text_align=\"center\" shadow=\"small\"][movedo_single_image image_mode=\"square\" image=\"13111\"][vc_empty_space height=\"15px\"][movedo_title align=\"center\" margin_bottom=\"0px\"]<span style=\"color: #000000\">Benjamin EIMERS<\/span>[\/movedo_title][vc_column_text text_style=\"leader-text\"]<strong><span style=\"color: #000000\">ALLEMAGNE \ud83c\udde9\ud83c\uddea<\/span><\/strong>[\/vc_column_text][vc_empty_space height=\"10px\"][movedo_button btn_fluid=\"custom\" btn_custom_width=\"250px\" align=\"center\" button_text=\"D\u00e9couvrir le portrait\" button_type=\"underline\" button_color=\"primary-6\" button_line_color=\"primary-6\" button_size=\"large\" button_link=\"url:https%3A%2F%2Fwww.pilatre-de-rozier.com%2Flmab%2Fles-ambassadeurs-du-gemab21-benjamin-eimers%2F%20|title:Portrait%20de%20Benjamin%20EIMERS|target:_blank\"][\/vc_column][vc_column width=\"1\/4\" text_align=\"center\" shadow=\"small\"][movedo_single_image image_mode=\"square\" image=\"13114\"][vc_empty_space height=\"15px\"][movedo_title align=\"center\" margin_bottom=\"0px\"]<span style=\"color: #000000\">Hans PRAVDA<\/span>[\/movedo_title][vc_column_text text_style=\"leader-text\"]<strong><span style=\"color: #000000\">AUTRICHE \ud83c\udde6\ud83c\uddf9<\/span><\/strong>[\/vc_column_text][vc_empty_space height=\"10px\"][movedo_button btn_fluid=\"custom\" btn_custom_width=\"250px\" align=\"center\" button_text=\"D\u00e9couvrir le portrait\" button_type=\"underline\" button_color=\"primary-6\" button_line_color=\"primary-6\" button_size=\"large\" button_link=\"url:https%3A%2F%2Fwww.pilatre-de-rozier.com%2Flmab%2Fambassadeur-hp-autriche%2F%20|title:Portrait%20de%20Hans%20PRAVDA|target:_blank\"][\/vc_column][\/vc_row][vc_row][vc_column][vc_empty_space height=\"25px\"][\/vc_column][\/vc_row][vc_row columns_gap=\"45\"][vc_column width=\"1\/4\" text_align=\"center\" shadow=\"small\"][movedo_single_image image_mode=\"square\" image=\"13120\"][vc_empty_space height=\"15px\"][movedo_title align=\"center\" margin_bottom=\"0px\"]<span style=\"color: #000000\">Benoit LAMBERT<\/span>[\/movedo_title][vc_column_text text_style=\"leader-text\"]<span style=\"color: #000000\"><strong>BELGIQUE <\/strong><b>\ud83c\udde7\ud83c\uddea<\/b><\/span>[\/vc_column_text][vc_empty_space height=\"10px\"][movedo_button btn_fluid=\"custom\" btn_custom_width=\"250px\" align=\"center\" button_text=\"D\u00e9couvrir le portrait\" button_type=\"underline\" button_color=\"primary-6\" button_line_color=\"primary-6\" button_size=\"large\" button_link=\"url:https%3A%2F%2Fwww.pilatre-de-rozier.com%2Flmab%2Fles-ambassadeurs-du-gemab21-benoit-lambert-belgique%2F%20|title:Portrait%20de%20Benoit%20LAMBERT|target:_blank\"][\/vc_column][vc_column width=\"1\/4\" text_align=\"center\" shadow=\"small\"][movedo_single_image image_mode=\"square\" image=\"13122\"][vc_empty_space height=\"15px\"][movedo_title align=\"center\" margin_bottom=\"0px\"]<span style=\"color: #000000\">Neus LLADO-GAMBIN<\/span>[\/movedo_title][vc_column_text text_style=\"leader-text\"]<span style=\"color: #000000\"><strong>ESPAGNE <\/strong><b>\ud83c\uddea\ud83c\uddf8<\/b><\/span>[\/vc_column_text][vc_empty_space height=\"10px\"][movedo_button btn_fluid=\"custom\" btn_custom_width=\"250px\" align=\"center\" button_text=\"D\u00e9couvrir le portrait\" button_type=\"underline\" button_color=\"primary-6\" button_line_color=\"primary-6\" button_size=\"large\" button_link=\"url:https%3A%2F%2Fwww.pilatre-de-rozier.com%2Flmab%2Fles-ambassadeurs-du-gemab21-neus-llado-espagne|title:Portrait%20de%20Neus%20LLADO-GAMBIN|target:_blank\"][\/vc_column][vc_column width=\"1\/4\" text_align=\"center\" shadow=\"small\"][movedo_single_image image_mode=\"square\" image=\"13124\"][vc_empty_space height=\"15px\"][movedo_title align=\"center\" margin_bottom=\"0px\"]<span style=\"color: #000000\">Joe DALY<\/span>[\/movedo_title][vc_column_text text_style=\"leader-text\"]<span style=\"color: #000000\"><strong>IRLANDE <\/strong><b>\ud83c\uddee\ud83c\uddea<\/b><\/span>[\/vc_column_text][vc_empty_space height=\"10px\"][movedo_button btn_fluid=\"custom\" btn_custom_width=\"250px\" align=\"center\" button_text=\"D\u00e9couvrir le portrait\" button_type=\"underline\" button_color=\"primary-6\" button_line_color=\"primary-6\" button_size=\"large\" button_link=\"url:https%3A%2F%2Fwww.pilatre-de-rozier.com%2Flmab%2Fles-ambassadeurs-du-gemab21-joe-daly-irelande%2F|title:Portrait%20de%20Joe%20DALY|target:_blank\"][\/vc_column][vc_column width=\"1\/4\" text_align=\"center\" shadow=\"small\"][movedo_single_image image_mode=\"square\" image=\"13126\"][vc_empty_space height=\"15px\"][movedo_title align=\"center\" margin_bottom=\"0px\"]<span style=\"color: #000000\">Inga ULE<\/span>[\/movedo_title][vc_column_text text_style=\"leader-text\"]<span style=\"color: #000000\"><strong>LETTONIE <\/strong><b>\ud83c\uddf1\ud83c\uddfb<\/b><\/span>[\/vc_column_text][vc_empty_space height=\"10px\"][movedo_button btn_fluid=\"custom\" btn_custom_width=\"250px\" align=\"center\" button_text=\"D\u00e9couvrir le portrait\" button_type=\"underline\" button_color=\"primary-6\" button_line_color=\"primary-6\" button_size=\"large\" button_link=\"url:https%3A%2F%2Fwww.pilatre-de-rozier.com%2Flmab%2Fles-ambassadeurs-du-gemab21-inga-ule-lettonie%2F%20|title:Portrait%20de%20Inga%20ULE|target:_blank\"][\/vc_column][\/vc_row][vc_row][vc_column][vc_empty_space height=\"25px\"][\/vc_column][\/vc_row][vc_row columns_gap=\"45\"][vc_column width=\"1\/4\" text_align=\"center\" shadow=\"small\"][movedo_single_image image_mode=\"square\" image=\"13129\"][vc_empty_space height=\"15px\"][movedo_title align=\"center\" margin_bottom=\"0px\"]<span style=\"color: #000000\">Mohammad SOBRI SAAD<\/span>[\/movedo_title][vc_column_text text_style=\"leader-text\"]<span style=\"color: #000000\"><strong>MALAISIE<\/strong><\/span> \ud83c\uddf2\ud83c\uddfe[\/vc_column_text][vc_empty_space height=\"10px\"][movedo_button btn_fluid=\"custom\" btn_custom_width=\"250px\" align=\"center\" button_text=\"D\u00e9couvrir le portrait\" button_type=\"underline\" button_color=\"primary-6\" button_line_color=\"primary-6\" button_size=\"large\" button_link=\"url:https%3A%2F%2Fwww.pilatre-de-rozier.com%2Flmab%2Fles-ambassadeurs-du-gemab21-mohammad-sobri-saad-malaisie%2F%20|title:Portrait%20de%20Mohammad%20SOBRI%20SAAD|target:_blank\"][\/vc_column][vc_column width=\"1\/4\" text_align=\"center\" shadow=\"small\"][movedo_single_image image_mode=\"square\" image=\"13131\"][vc_empty_space height=\"15px\"][movedo_title align=\"center\" margin_bottom=\"0px\"]<span style=\"color: #000000\">Escandra SALIM ALLE\u00a0<\/span>[\/movedo_title][vc_column_text text_style=\"leader-text\"]<span style=\"color: #000000\"><strong>MEXIQUE <\/strong><b>\ud83c\uddf2\ud83c\uddfd<\/b><\/span>[\/vc_column_text][vc_empty_space height=\"10px\"][movedo_button btn_fluid=\"custom\" btn_custom_width=\"250px\" align=\"center\" button_text=\"D\u00e9couvrir le portrait\" button_type=\"underline\" button_color=\"primary-6\" button_line_color=\"primary-6\" button_size=\"large\" button_link=\"url:https%3A%2F%2Fwww.pilatre-de-rozier.com%2Flmab%2Fles-ambassadeurs-du-gemab21-escandra-salim-mexique%2F%20|title:Portrait%20de%20Escandra%20SALIM%20ALLE|target:_blank\"][\/vc_column][vc_column width=\"1\/4\" text_align=\"center\" shadow=\"small\"][movedo_single_image image_mode=\"square\" image=\"13133\"][vc_empty_space height=\"15px\"][movedo_title align=\"center\" margin_bottom=\"0px\"]<span style=\"color: #000000\">Wlodzimierz KLOSEK<\/span>[\/movedo_title][vc_column_text text_style=\"leader-text\"]<span style=\"color: #000000\"><strong>POLOGNE <\/strong><b>\ud83c\uddf5\ud83c\uddf1<\/b><\/span>[\/vc_column_text][vc_empty_space height=\"10px\"][movedo_button btn_fluid=\"custom\" btn_custom_width=\"250px\" align=\"center\" button_text=\"D\u00e9couvrir le portrait\" button_type=\"underline\" button_color=\"primary-6\" button_line_color=\"primary-6\" button_size=\"large\" button_link=\"url:https%3A%2F%2Fwww.pilatre-de-rozier.com%2Flmab%2Fles-ambassadeurs-du-gemab21-klosek-wlodzimierz-pologne%2F%20|title:Portrait%20de%20Wlodzimierz%20KLOSEK|target:_blank\"][\/vc_column][vc_column width=\"1\/4\" text_align=\"center\" shadow=\"small\"][movedo_single_image image_mode=\"square\" image=\"13135\"][vc_empty_space height=\"15px\"][movedo_title align=\"center\" margin_bottom=\"0px\"]<span style=\"color: #000000\">Richard GRATZ<\/span>[\/movedo_title][vc_column_text text_style=\"leader-text\"]<span style=\"color: #000000\"><strong>REPUBLIQUE TCHEQUE <\/strong><b>\ud83c\udde8\ud83c\uddff<\/b><\/span>[\/vc_column_text][vc_empty_space height=\"10px\"][movedo_button btn_fluid=\"custom\" btn_custom_width=\"250px\" align=\"center\" button_text=\"D\u00e9couvrir le portrait\" button_type=\"underline\" button_color=\"primary-6\" button_line_color=\"primary-6\" button_size=\"large\" button_link=\"url:https%3A%2F%2Fwww.pilatre-de-rozier.com%2Flmab%2Fles-ambassadeurs-du-gemab21-richard-gratz-tchequie%2F%20|title:Portrait%20de%20Richard%20GRATZ|target:_blank\"][\/vc_column][\/vc_row][vc_row][vc_column][vc_empty_space height=\"25px\"][\/vc_column][\/vc_row][vc_row columns_gap=\"45\" equal_column_height=\"equal-column\"][vc_column width=\"1\/4\" text_align=\"center\" shadow=\"small\"][movedo_single_image image_mode=\"square\" image=\"13153\"][vc_empty_space height=\"15px\"][movedo_title align=\"center\" margin_bottom=\"0px\"]<span style=\"color: #000000\">Don CAMERON<\/span>[\/movedo_title][vc_column_text text_style=\"leader-text\"]<span style=\"color: #000000\"><strong>ROYAUME UNI<\/strong> <\/span>\ud83c\uddec\ud83c\udde7[\/vc_column_text][vc_empty_space height=\"10px\"][movedo_button btn_fluid=\"custom\" btn_custom_width=\"250px\" align=\"center\" button_text=\"D\u00e9couvrir le portrait\" button_type=\"underline\" button_color=\"primary-6\" button_line_color=\"primary-6\" button_size=\"large\" button_link=\"url:https%3A%2F%2Fwww.pilatre-de-rozier.com%2Flmab%2Fles-ambassadeurs-du-gemab21-don-cameron-royaume-uni%2F%20|title:Portrait%20de%20Don%20CAMERON|target:_blank\"][\/vc_column][vc_column width=\"1\/4\" text_align=\"center\" shadow=\"small\"][movedo_single_image image_mode=\"square\" image=\"13140\"][vc_empty_space height=\"15px\"][movedo_title align=\"center\" margin_bottom=\"0px\"]<span style=\"color: #000000\">Thomas SEIZ<\/span>[\/movedo_title][vc_column_text text_style=\"leader-text\"]<span style=\"color: #000000\"><strong>SUISSE <\/strong><b>\ud83c\udde8\ud83c\udded<\/b><\/span>[\/vc_column_text][vc_empty_space height=\"10px\"][movedo_button btn_fluid=\"custom\" btn_custom_width=\"250px\" align=\"center\" button_text=\"D\u00e9couvrir le portrait\" button_type=\"underline\" button_color=\"primary-6\" button_line_color=\"primary-6\" button_size=\"large\" button_link=\"url:https%3A%2F%2Fwww.pilatre-de-rozier.com%2Flmab%2Fles-ambassadeurs-du-gemab21-thomas-seiz-suisse%2F%20|title:Portrait%20de%20Thomas%20SEIZ|target:_blank\"][\/vc_column][vc_column width=\"1\/4\" text_align=\"center\" shadow=\"small\"][movedo_single_image image_mode=\"square\" image=\"13142\"][vc_empty_space height=\"15px\"][movedo_title align=\"center\" margin_bottom=\"0px\"]<span style=\"color: #000000\">Judy HOLT\u00a0<\/span>[\/movedo_title][vc_column_text text_style=\"leader-text\"]<span style=\"color: #000000\"><strong>USA western <\/strong><b>\ud83c\uddfa\ud83c\uddf8<\/b><\/span>[\/vc_column_text][vc_empty_space height=\"10px\"][movedo_button btn_fluid=\"custom\" btn_custom_width=\"250px\" align=\"center\" button_text=\"D\u00e9couvrir le portrait\" button_type=\"underline\" button_color=\"primary-6\" button_line_color=\"primary-6\" button_size=\"large\" button_link=\"url:https%3A%2F%2Fwww.pilatre-de-rozier.com%2Flmab%2Fles-ambassadeurs-du-gemab21-judy-holt-etats-unis%2F%20|title:Portrait%20de%20Judy%20HOLT%20|target:_blank\"][\/vc_column][vc_column width=\"1\/4\" text_align=\"center\" shadow=\"small\"][movedo_single_image image_mode=\"square\" image=\"13145\"][vc_empty_space height=\"15px\"][movedo_title align=\"center\" margin_bottom=\"0px\"]<span style=\"color: #000000\">Desiree HEAD<\/span>[\/movedo_title][vc_column_text text_style=\"leader-text\"]<span style=\"color: #000000\"><strong>USA central <\/strong><b>\ud83c\uddfa\ud83c\uddf8<\/b><\/span>[\/vc_column_text][vc_empty_space height=\"10px\"][movedo_button btn_fluid=\"custom\" btn_custom_width=\"250px\" align=\"center\" button_text=\"D\u00e9couvrir le portrait\" button_type=\"underline\" button_color=\"primary-6\" button_line_color=\"primary-6\" button_size=\"large\" button_link=\"url:https%3A%2F%2Fwww.pilatre-de-rozier.com%2Flmab%2Fles-ambassadeurs-du-gemab21-desiree-reddick-etats-unis%2F%20|title:Portrait%20de%20Desiree%20HEAD|target:_blank\"][\/vc_column][\/vc_row][vc_row][vc_column][vc_empty_space height=\"25px\"][\/vc_column][\/vc_row][vc_row columns_gap=\"45\" equal_column_height=\"equal-column\"][vc_column width=\"1\/4\" text_align=\"center\" shadow=\"small\"][movedo_single_image image_mode=\"square\" image=\"13155\"][vc_empty_space height=\"15px\"][movedo_title align=\"center\" margin_bottom=\"0px\"]<span style=\"color: #000000\">Richard JONES<\/span>[\/movedo_title][vc_column_text text_style=\"leader-text\"]<span style=\"color: #000000\"><strong>USA eastern<\/strong><\/span> \ud83c\uddfa\ud83c\uddf8[\/vc_column_text][vc_empty_space height=\"10px\"][movedo_button btn_fluid=\"custom\" btn_custom_width=\"250px\" align=\"center\" button_text=\"D\u00e9couvrir le portrait\" button_type=\"underline\" button_color=\"primary-6\" button_line_color=\"primary-6\" button_size=\"large\" button_link=\"url:https%3A%2F%2Fwww.pilatre-de-rozier.com%2Flmab%2Fles-ambassadeurs-du-gemab21-rick-jones-etats-unis%2F|title:Portrait%20de%20Richard%20JONES|target:_blank\"][\/vc_column][\/vc_row]","_et_gb_content_width":"","footnotes":""},"class_list":["post-3950","page","type-page","status-publish","hentry"],"_links":{"self":[{"href":"https:\/\/www.pilatre-de-rozier.com\/lmab\/wp-json\/wp\/v2\/pages\/3950","targetHints":{"allow":["GET"]}}],"collection":[{"href":"https:\/\/www.pilatre-de-rozier.com\/lmab\/wp-json\/wp\/v2\/pages"}],"about":[{"href":"https:\/\/www.pilatre-de-rozier.com\/lmab\/wp-json\/wp\/v2\/types\/page"}],"author":[{"embeddable":true,"href":"https:\/\/www.pilatre-de-rozier.com\/lmab\/wp-json\/wp\/v2\/users\/4"}],"replies":[{"embeddable":true,"href":"https:\/\/www.pilatre-de-rozier.com\/lmab\/wp-json\/wp\/v2\/comments?post=3950"}],"version-history":[{"count":2,"href":"https:\/\/www.pilatre-de-rozier.com\/lmab\/wp-json\/wp\/v2\/pages\/3950\/revisions"}],"predecessor-version":[{"id":16015,"href":"https:\/\/www.pilatre-de-rozier.com\/lmab\/wp-json\/wp\/v2\/pages\/3950\/revisions\/16015"}],"up":[{"embeddable":true,"href":"https:\/\/www.pilatre-de-rozier.com\/lmab\/wp-json\/wp\/v2\/pages\/55"}],"wp:attachment":[{"href":"https:\/\/www.pilatre-de-rozier.com\/lmab\/wp-json\/wp\/v2\/media?parent=3950"}],"curies":[{"name":"wp","href":"https:\/\/api.w.org\/{rel}","templated":true}]}}