{"id":19,"date":"2018-12-09T11:10:54","date_gmt":"2018-12-09T10:10:54","guid":{"rendered":"http:\/\/www.pilatre-de-rozier.com\/pbp\/?page_id=19"},"modified":"2023-01-09T18:48:33","modified_gmt":"2023-01-09T17:48:33","slug":"who-i-am","status":"publish","type":"page","link":"https:\/\/www.pilatre-de-rozier.com\/pbp\/who-i-am\/","title":{"rendered":"Qui suis-je ?"},"content":{"rendered":"<p>[et_pb_section fb_built=\u00a0\u00bb1&Prime; admin_label=\u00a0\u00bbBlog\u00a0\u00bb _builder_version=\u00a0\u00bb4.19.1&Prime; _module_preset=\u00a0\u00bbdefault\u00a0\u00bb background_color=\u00a0\u00bb#eaf0ff\u00a0\u00bb custom_margin=\u00a0\u00bb0px||||false|false\u00a0\u00bb custom_margin_tablet=\u00a0\u00bb0px||||false|false\u00a0\u00bb custom_margin_phone=\u00a0\u00bb-50px||||false|false\u00a0\u00bb custom_margin_last_edited=\u00a0\u00bbon|phone\u00a0\u00bb custom_padding=\u00a0\u00bb0px||0px||true|false\u00a0\u00bb collapsed=\u00a0\u00bboff\u00a0\u00bb global_colors_info=\u00a0\u00bb{}\u00a0\u00bb global_module=\u00a0\u00bb2588&Prime; theme_builder_area=\u00a0\u00bbpost_content\u00a0\u00bb][et_pb_row _builder_version=\u00a0\u00bb4.19.1&Prime; _module_preset=\u00a0\u00bbdefault\u00a0\u00bb max_width=\u00a0\u00bb1260px\u00a0\u00bb custom_padding=\u00a0\u00bb50px||50px||true|false\u00a0\u00bb global_colors_info=\u00a0\u00bb{}\u00a0\u00bb theme_builder_area=\u00a0\u00bbpost_content\u00a0\u00bb][et_pb_column type=\u00a0\u00bb4_4&Prime; _builder_version=\u00a0\u00bb4.16.0&Prime; _module_preset=\u00a0\u00bbdefault\u00a0\u00bb global_colors_info=\u00a0\u00bb{}\u00a0\u00bb theme_builder_area=\u00a0\u00bbpost_content\u00a0\u00bb][et_pb_social_media_follow icon_color=\u00a0\u00bbgcid-1762a66f-ae7e-423f-9942-e1d56f425420&Prime; _builder_version=\u00a0\u00bb4.19.1&Prime; _module_preset=\u00a0\u00bbdefault\u00a0\u00bb background_color=\u00a0\u00bbRGBA(255,255,255,0)\u00a0\u00bb positioning=\u00a0\u00bbabsolute\u00a0\u00bb position_origin_a=\u00a0\u00bbbottom_right\u00a0\u00bb vertical_offset=\u00a0\u00bb-5px\u00a0\u00bb vertical_offset_tablet=\u00a0\u00bb-15px\u00a0\u00bb vertical_offset_phone=\u00a0\u00bb-65px\u00a0\u00bb vertical_offset_last_edited=\u00a0\u00bbon|phone\u00a0\u00bb text_orientation=\u00a0\u00bbright\u00a0\u00bb width=\u00a0\u00bb100%\u00a0\u00bb global_colors_info=\u00a0\u00bb{%22gcid-1762a66f-ae7e-423f-9942-e1d56f425420%22:%91%22icon_color%22%93}\u00a0\u00bb theme_builder_area=\u00a0\u00bbpost_content\u00a0\u00bb][et_pb_social_media_follow_network social_network=\u00a0\u00bbfacebook\u00a0\u00bb url=\u00a0\u00bbhttps:\/\/www.facebook.com\/pbpilatre\u00a0\u00bb _builder_version=\u00a0\u00bb4.19.1&Prime; _module_preset=\u00a0\u00bbdefault\u00a0\u00bb background_enable_color=\u00a0\u00bboff\u00a0\u00bb global_colors_info=\u00a0\u00bb{}\u00a0\u00bb theme_builder_area=\u00a0\u00bbpost_content\u00a0\u00bb follow_button=\u00a0\u00bboff\u00a0\u00bb url_new_window=\u00a0\u00bbon\u00a0\u00bb]facebook[\/et_pb_social_media_follow_network][et_pb_social_media_follow_network social_network=\u00a0\u00bbtwitter\u00a0\u00bb url=\u00a0\u00bbhttps:\/\/twitter.com\/pbpilatre\u00a0\u00bb _builder_version=\u00a0\u00bb4.19.1&Prime; _module_preset=\u00a0\u00bbdefault\u00a0\u00bb background_enable_color=\u00a0\u00bboff\u00a0\u00bb global_colors_info=\u00a0\u00bb{}\u00a0\u00bb theme_builder_area=\u00a0\u00bbpost_content\u00a0\u00bb follow_button=\u00a0\u00bboff\u00a0\u00bb url_new_window=\u00a0\u00bbon\u00a0\u00bb]twitter[\/et_pb_social_media_follow_network][et_pb_social_media_follow_network social_network=\u00a0\u00bblinkedin\u00a0\u00bb url=\u00a0\u00bbhttps:\/\/www.linkedin.com\/in\/pbpilatre\/\u00a0\u00bb _builder_version=\u00a0\u00bb4.19.1&Prime; _module_preset=\u00a0\u00bbdefault\u00a0\u00bb background_enable_color=\u00a0\u00bboff\u00a0\u00bb global_colors_info=\u00a0\u00bb{}\u00a0\u00bb theme_builder_area=\u00a0\u00bbpost_content\u00a0\u00bb follow_button=\u00a0\u00bboff\u00a0\u00bb url_new_window=\u00a0\u00bbon\u00a0\u00bb]linkedin[\/et_pb_social_media_follow_network][\/et_pb_social_media_follow][et_pb_text content_tablet=\u00a0\u00bb<\/p>\n<h1 style=%22font-size: 25px; font-style: italic;%22>Le blog de<\/h1>\n<h1>Philippe<\/h1>\n<h1>Buron-Pil\u00e2tre<a href=%22https:\/\/www.pilatre-de-rozier.com\/pbp\/contact\/%22><\/a><\/h1>\n<p>\u00a0\u00bb content_phone=\u00a0\u00bb<\/p>\n<h1 style=%22font-size: 6vw; font-style: italic;%22>Le blog de<\/h1>\n<h1>Philippe<\/h1>\n<h1>Buron-Pil\u00e2tre<a href=%22https:\/\/www.pilatre-de-rozier.com\/pbp\/contact\/%22><\/a><\/h1>\n<p>\u00a0\u00bb content_last_edited=\u00a0\u00bbon|phone\u00a0\u00bb _builder_version=\u00a0\u00bb4.19.1&Prime; _module_preset=\u00a0\u00bbdefault\u00a0\u00bb text_text_color=\u00a0\u00bbgcid-17d52f63-4eff-46ac-9f42-a7f7b3bf4077&Prime; header_font=\u00a0\u00bb|700|||||||\u00a0\u00bb header_text_color=\u00a0\u00bbgcid-1762a66f-ae7e-423f-9942-e1d56f425420&Prime; header_font_size=\u00a0\u00bb7em\u00a0\u00bb custom_margin=\u00a0\u00bb||10px||false|false\u00a0\u00bb custom_padding=\u00a0\u00bb||||false|false\u00a0\u00bb header_font_size_tablet=\u00a0\u00bb59px\u00a0\u00bb header_font_size_phone=\u00a0\u00bb12vw\u00a0\u00bb header_font_size_last_edited=\u00a0\u00bbon|tablet\u00a0\u00bb global_colors_info=\u00a0\u00bb{%22gcid-17d52f63-4eff-46ac-9f42-a7f7b3bf4077%22:%91%22text_text_color%22%93,%22gcid-1762a66f-ae7e-423f-9942-e1d56f425420%22:%91%22header_text_color%22%93}\u00a0\u00bb theme_builder_area=\u00a0\u00bbpost_content\u00a0\u00bb]<\/p>\n<h1 style=\"font-size: 2.5em; font-style: italic;\">Le blog de<\/h1>\n<h1>Philippe<\/h1>\n<h1>Buron-Pil\u00e2tre<a href=\"https:\/\/www.pilatre-de-rozier.com\/pbp\/contact\/\"><\/a><\/h1>\n<p>[\/et_pb_text][\/et_pb_column][\/et_pb_row][\/et_pb_section][et_pb_section fb_built=\u00a0\u00bb1&Prime; specialty=\u00a0\u00bbon\u00a0\u00bb padding_top_bottom_link_1=\u00a0\u00bbfalse\u00a0\u00bb padding_left_right_link_1=\u00a0\u00bbfalse\u00a0\u00bb _builder_version=\u00a0\u00bb4.19.1&Prime; _module_preset=\u00a0\u00bbdefault\u00a0\u00bb background_color=\u00a0\u00bbgcid-82e36ad6-dd00-493d-87ca-3c85b12978cf\u00a0\u00bb positioning=\u00a0\u00bbnone\u00a0\u00bb inner_width=\u00a0\u00bb95%\u00a0\u00bb custom_padding=\u00a0\u00bb0px||||false|false\u00a0\u00bb global_colors_info=\u00a0\u00bb{%22gcid-82e36ad6-dd00-493d-87ca-3c85b12978cf%22:%91%22background_color%22%93}\u00a0\u00bb][et_pb_column type=\u00a0\u00bb2_3&Prime; specialty_columns=\u00a0\u00bb2&Prime; _builder_version=\u00a0\u00bb4.16&Prime; custom_padding=\u00a0\u00bb|||\u00a0\u00bb global_colors_info=\u00a0\u00bb{}\u00a0\u00bb custom_padding__hover=\u00a0\u00bb|||\u00a0\u00bb][et_pb_row_inner use_custom_gutter=\u00a0\u00bbon\u00a0\u00bb gutter_width=\u00a0\u00bb1&Prime; custom_padding_last_edited=\u00a0\u00bboff|desktop\u00a0\u00bb _builder_version=\u00a0\u00bb4.19.1&Prime; _module_preset=\u00a0\u00bbdefault\u00a0\u00bb background_color=\u00a0\u00bbRGBA(255,255,255,0)\u00a0\u00bb positioning=\u00a0\u00bbnone\u00a0\u00bb position_origin_a=\u00a0\u00bbtop_center\u00a0\u00bb z_index=\u00a0\u00bb-1&Prime; width=\u00a0\u00bb100%\u00a0\u00bb width_phone=\u00a0\u00bb95%\u00a0\u00bb width_last_edited=\u00a0\u00bboff|desktop\u00a0\u00bb custom_margin=\u00a0\u00bb0px||0px||true|false\u00a0\u00bb custom_padding=\u00a0\u00bb0px||0px||true|\u00a0\u00bb custom_padding_tablet=\u00a0\u00bb30px|30px|30px|30px|true|true\u00a0\u00bb custom_padding_phone=\u00a0\u00bb20px|20px|20px|20px|true|true\u00a0\u00bb global_colors_info=\u00a0\u00bb{}\u00a0\u00bb width__hover_enabled=\u00a0\u00bboff|desktop\u00a0\u00bb][et_pb_column_inner saved_specialty_column_type=\u00a0\u00bb2_3&Prime; _builder_version=\u00a0\u00bb4.19.1&Prime; _module_preset=\u00a0\u00bbdefault\u00a0\u00bb background_color=\u00a0\u00bbRGBA(255,255,255,0)\u00a0\u00bb custom_padding=\u00a0\u00bb||0px||false|false\u00a0\u00bb global_colors_info=\u00a0\u00bb{}\u00a0\u00bb][et_pb_text _builder_version=\u00a0\u00bb4.19.1&Prime; _module_preset=\u00a0\u00bbdefault\u00a0\u00bb header_3_font=\u00a0\u00bbRaleway|900||on|||||\u00a0\u00bb header_3_text_align=\u00a0\u00bbcenter\u00a0\u00bb header_3_text_color=\u00a0\u00bbrgba(30,53,109,0.18)\u00a0\u00bb header_3_font_size=\u00a0\u00bb7em\u00a0\u00bb position_origin_a=\u00a0\u00bbcenter_left\u00a0\u00bb position_origin_a_last_edited=\u00a0\u00bboff|desktop\u00a0\u00bb position_origin_f_last_edited=\u00a0\u00bboff|desktop\u00a0\u00bb position_origin_r_last_edited=\u00a0\u00bboff|desktop\u00a0\u00bb header_3_font_size_tablet=\u00a0\u00bb6em\u00a0\u00bb header_3_font_size_phone=\u00a0\u00bb3em\u00a0\u00bb header_3_font_size_last_edited=\u00a0\u00bbon|phone\u00a0\u00bb positioning_last_edited=\u00a0\u00bboff|desktop\u00a0\u00bb global_colors_info=\u00a0\u00bb{}\u00a0\u00bb]<\/p>\n<h3>QUI SUIS-JE ?<\/h3>\n<p>[\/et_pb_text][\/et_pb_column_inner][\/et_pb_row_inner][et_pb_row_inner use_custom_gutter=\u00a0\u00bbon\u00a0\u00bb gutter_width=\u00a0\u00bb2&Prime; custom_padding_last_edited=\u00a0\u00bbon|phone\u00a0\u00bb _builder_version=\u00a0\u00bb4.19.1&Prime; _module_preset=\u00a0\u00bbdefault\u00a0\u00bb background_color=\u00a0\u00bb#FFFFFF\u00a0\u00bb width_tablet=\u00a0\u00bb\u00a0\u00bb width_phone=\u00a0\u00bb100%\u00a0\u00bb width_last_edited=\u00a0\u00bbon|desktop\u00a0\u00bb custom_margin=\u00a0\u00bb||||false|false\u00a0\u00bb custom_margin_tablet=\u00a0\u00bb156px||0px||false|false\u00a0\u00bb custom_margin_phone=\u00a0\u00bb77px|0px|0px|0px|false|true\u00a0\u00bb custom_margin_last_edited=\u00a0\u00bboff|desktop\u00a0\u00bb custom_padding=\u00a0\u00bb70px|70px|70px|70px|true|true\u00a0\u00bb custom_padding_tablet=\u00a0\u00bb50px|50px|0px|50px|false|true\u00a0\u00bb custom_padding_phone=\u00a0\u00bb20px|20px|0px|20px|false|true\u00a0\u00bb border_radii=\u00a0\u00bbon|3px|3px|3px|3px\u00a0\u00bb global_colors_info=\u00a0\u00bb{}\u00a0\u00bb custom_margin__hover_enabled=\u00a0\u00bboff|desktop\u00a0\u00bb][et_pb_column_inner saved_specialty_column_type=\u00a0\u00bb2_3&Prime; _builder_version=\u00a0\u00bb4.19.1&Prime; _module_preset=\u00a0\u00bbdefault\u00a0\u00bb background_color=\u00a0\u00bb#FFFFFF\u00a0\u00bb global_colors_info=\u00a0\u00bb{}\u00a0\u00bb][et_pb_text _builder_version=\u00a0\u00bb4.19.1&Prime; _module_preset=\u00a0\u00bbdefault\u00a0\u00bb text_font_size=\u00a0\u00bb16px\u00a0\u00bb text_line_height=\u00a0\u00bb1.8em\u00a0\u00bb global_colors_info=\u00a0\u00bb{}\u00a0\u00bb]<\/p>\n<h2><strong>Qui suis-je ?<\/strong><\/h2>\n<p><strong><\/strong><\/p>\n<p>Philippe Buron Pil\u00e2tre, plus connu sous ses initiales <span data-token-index=\"1\" class=\"notion-enable-hover\" data-reactroot=\"\">P.B.P<\/span>, juriste de formation, a fait une grande partie de sa carri\u00e8re \u00e0 l\u2019Agence France Presse avant de se lancer dans l\u2019\u00e9v\u00e9nementiel.<!-- --> Consultant pour de nombreux clients dans les domaines du tourisme, de la politique, du num\u00e9rique et de l\u2019a\u00e9ronautique, il est membre du Conseil Economique, Social et Environnemental du Grand Est (depuis 2001), expert aupr\u00e8s du Comit\u00e9 Economique et Social de la Grande R\u00e9gion.<!-- --> Depuis 2001, il enseigne \u00e0 l\u2019Universit\u00e9 de Lorraine (C.E.U, I.A.E, I.U.T dans les domaines de la cr\u00e9ativit\u00e9, des r\u00e9seaux, du digital, de la communication de crise, \u00e9v\u00e9nementiel, lobbying). Il est intervenu \u00e0 l\u2019ENA de 2001 \u00e0 2014 dans la communication de crise.<!-- --> Pilote de montgolfi\u00e8re, instructeur, titulaire de plus de 2000 heures de vol (ballon \u00e0 gaz et \u00e0 air chaud), il est fondateur du Grand Est Mondial Air Ballons et coordinateur de diverses manifestations (auto moto, digital, cin\u00e9ma, culture, tourisme).<!-- --> Il a \u00e9crit une quinzaine d\u2019ouvrages et continue r\u00e9guli\u00e8rement une activit\u00e9 de journaliste (radio, t\u00e9l\u00e9vision et presse \u00e9crite). Il est titulaire des m\u00e9dailles de l\u2019a\u00e9ronautique, jeunesse et de sports et Charles Dollfus.<\/p>\n<p>[\/et_pb_text][\/et_pb_column_inner][\/et_pb_row_inner][et_pb_row_inner column_structure=\u00a0\u00bb1_2,1_2&Prime; _builder_version=\u00a0\u00bb4.19.1&Prime; _module_preset=\u00a0\u00bbdefault\u00a0\u00bb custom_padding=\u00a0\u00bb0px|0px|0px|0px|true|true\u00a0\u00bb custom_css_main_element=\u00a0\u00bbdisplay: flex !important;\u00a0\u00bb global_colors_info=\u00a0\u00bb{}\u00a0\u00bb][et_pb_column_inner type=\u00a0\u00bb1_2&Prime; saved_specialty_column_type=\u00a0\u00bb2_3&Prime; _builder_version=\u00a0\u00bb4.19.1&Prime; _module_preset=\u00a0\u00bbdefault\u00a0\u00bb global_colors_info=\u00a0\u00bb{}\u00a0\u00bb][et_pb_button button_url=\u00a0\u00bb@ET-DC@eyJkeW5hbWljIjp0cnVlLCJjb250ZW50IjoicG9zdF9saW5rX3VybF9wYWdlIiwic2V0dGluZ3MiOnsicG9zdF9pZCI6IjIxNDQifX0=@\u00a0\u00bb button_text=\u00a0\u00bble blog\u00a0\u00bb button_alignment=\u00a0\u00bbleft\u00a0\u00bb button_alignment_tablet=\u00a0\u00bbleft\u00a0\u00bb button_alignment_phone=\u00a0\u00bbcenter\u00a0\u00bb button_alignment_last_edited=\u00a0\u00bbon|phone\u00a0\u00bb _builder_version=\u00a0\u00bb4.19.1&Prime; _dynamic_attributes=\u00a0\u00bbbutton_url\u00a0\u00bb _module_preset=\u00a0\u00bbdefault\u00a0\u00bb custom_button=\u00a0\u00bbon\u00a0\u00bb button_text_color=\u00a0\u00bbgcid-1762a66f-ae7e-423f-9942-e1d56f425420&Prime; button_bg_color=\u00a0\u00bb#FFFFFF\u00a0\u00bb button_border_width=\u00a0\u00bb0px\u00a0\u00bb button_border_color=\u00a0\u00bbRGBA(255,255,255,0)\u00a0\u00bb button_use_icon=\u00a0\u00bboff\u00a0\u00bb custom_margin=\u00a0\u00bb20px||||false|false\u00a0\u00bb custom_margin_tablet=\u00a0\u00bb20px||||false|false\u00a0\u00bb custom_margin_phone=\u00a0\u00bb20px|5px|||false|false\u00a0\u00bb custom_margin_last_edited=\u00a0\u00bbon|phone\u00a0\u00bb global_colors_info=\u00a0\u00bb{%22gcid-1762a66f-ae7e-423f-9942-e1d56f425420%22:%91%22button_text_color%22,%22button_icon_color%22%93}\u00a0\u00bb custom_css_main_element_last_edited=\u00a0\u00bbon|phone\u00a0\u00bb custom_css_main_element_phone=\u00a0\u00bbwidth: 100% !important;\u00a0\u00bb][\/et_pb_button][\/et_pb_column_inner][et_pb_column_inner type=\u00a0\u00bb1_2&Prime; saved_specialty_column_type=\u00a0\u00bb2_3&Prime; _builder_version=\u00a0\u00bb4.19.1&Prime; _module_preset=\u00a0\u00bbdefault\u00a0\u00bb global_colors_info=\u00a0\u00bb{}\u00a0\u00bb][et_pb_button button_url=\u00a0\u00bb@ET-DC@eyJkeW5hbWljIjp0cnVlLCJjb250ZW50IjoicG9zdF9saW5rX3VybF9wYWdlIiwic2V0dGluZ3MiOnsicG9zdF9pZCI6IjE1In19@\u00a0\u00bb button_text=\u00a0\u00bbla philosophie du blog\u00a0\u00bb button_alignment=\u00a0\u00bbright\u00a0\u00bb button_alignment_tablet=\u00a0\u00bbright\u00a0\u00bb button_alignment_phone=\u00a0\u00bbcenter\u00a0\u00bb button_alignment_last_edited=\u00a0\u00bbon|phone\u00a0\u00bb _builder_version=\u00a0\u00bb4.19.1&Prime; _dynamic_attributes=\u00a0\u00bbbutton_url\u00a0\u00bb _module_preset=\u00a0\u00bbdefault\u00a0\u00bb custom_button=\u00a0\u00bbon\u00a0\u00bb button_text_color=\u00a0\u00bbgcid-1762a66f-ae7e-423f-9942-e1d56f425420&Prime; button_bg_color=\u00a0\u00bb#FFFFFF\u00a0\u00bb button_border_width=\u00a0\u00bb0px\u00a0\u00bb button_border_color=\u00a0\u00bbRGBA(255,255,255,0)\u00a0\u00bb button_use_icon=\u00a0\u00bboff\u00a0\u00bb custom_margin=\u00a0\u00bb20px||||false|false\u00a0\u00bb custom_margin_tablet=\u00a0\u00bb20px||||false|false\u00a0\u00bb custom_margin_phone=\u00a0\u00bb|||5px|false|false\u00a0\u00bb custom_margin_last_edited=\u00a0\u00bbon|phone\u00a0\u00bb global_colors_info=\u00a0\u00bb{%22gcid-1762a66f-ae7e-423f-9942-e1d56f425420%22:%91%22button_text_color%22,%22button_icon_color%22%93}\u00a0\u00bb custom_margin__hover_enabled=\u00a0\u00bboff|hover\u00a0\u00bb custom_css_main_element_last_edited=\u00a0\u00bbon|phone\u00a0\u00bb custom_css_main_element_phone=\u00a0\u00bbwidth: 100% !important;\u00a0\u00bb][\/et_pb_button][\/et_pb_column_inner][\/et_pb_row_inner][\/et_pb_column][et_pb_column type=\u00a0\u00bb1_3&Prime; _builder_version=\u00a0\u00bb4.16&Prime; custom_padding=\u00a0\u00bb|||\u00a0\u00bb global_colors_info=\u00a0\u00bb{}\u00a0\u00bb custom_padding__hover=\u00a0\u00bb|||\u00a0\u00bb][et_pb_image src=\u00a0\u00bbhttps:\/\/www.pilatre-de-rozier.com\/pbp\/wp-content\/uploads\/sites\/3\/2019\/01\/PBP.jpeg\u00a0\u00bb title_text=\u00a0\u00bbPBP\u00a0\u00bb _builder_version=\u00a0\u00bb4.19.1&Prime; _module_preset=\u00a0\u00bbdefault\u00a0\u00bb max_width=\u00a0\u00bb200px\u00a0\u00bb filter_hue_rotate=\u00a0\u00bb199deg\u00a0\u00bb filter_saturate=\u00a0\u00bb11%\u00a0\u00bb filter_brightness=\u00a0\u00bb118%\u00a0\u00bb filter_opacity=\u00a0\u00bb91%\u00a0\u00bb border_radii=\u00a0\u00bboff|734px|734px||734px\u00a0\u00bb global_colors_info=\u00a0\u00bb{}\u00a0\u00bb][\/et_pb_image][et_pb_text content_tablet=\u00a0\u00bb<\/p>\n<div class=%22et_pb_row et_pb_row_0%22>\n<div class=%22et_pb_column et_pb_column_4_4 et_pb_column_0  et_pb_css_mix_blend_mode_passthrough et-last-child%22>\n<div class=%22et_pb_module et_pb_text et_pb_text_0  et_pb_text_align_left et_pb_bg_layout_light%22>\n<div class=%22et_pb_text_inner%22>\n<h1 style=%22font-size: 20px; font-style: italic;%22>Le blog de<\/h1>\n<h1>Philippe<\/h1>\n<h1>Buron-Pil\u00e2tre<\/h1>\n<\/div>\n<\/div>\n<\/div>\n<\/div>\n<p>\u00a0\u00bb content_phone=\u00a0\u00bb<\/p>\n<div class=%22et_pb_row et_pb_row_0%22>\n<div class=%22et_pb_column et_pb_column_4_4 et_pb_column_0  et_pb_css_mix_blend_mode_passthrough et-last-child%22>\n<div class=%22et_pb_module et_pb_text et_pb_text_0  et_pb_text_align_left et_pb_bg_layout_light%22>\n<div class=%22et_pb_text_inner%22>\n<h1 style=%22font-size: 15px; font-style: italic;%22>Le blog de<\/h1>\n<h1>Philippe<\/h1>\n<h1>Buron-Pil\u00e2tre<\/h1>\n<\/div>\n<\/div>\n<\/div>\n<\/div>\n<p>\u00a0\u00bb content_last_edited=\u00a0\u00bboff|desktop\u00a0\u00bb _builder_version=\u00a0\u00bb4.19.1&Prime; _module_preset=\u00a0\u00bbdefault\u00a0\u00bb text_line_height=\u00a0\u00bb1.4em\u00a0\u00bb link_text_color=\u00a0\u00bb#000000&Prime; header_font=\u00a0\u00bb|700|||||||\u00a0\u00bb header_font_size=\u00a0\u00bb7em\u00a0\u00bb custom_margin=\u00a0\u00bb15px||15px||false|false\u00a0\u00bb header_font_size_tablet=\u00a0\u00bb40px\u00a0\u00bb header_font_size_phone=\u00a0\u00bb24px\u00a0\u00bb header_font_size_last_edited=\u00a0\u00bbon|phone\u00a0\u00bb global_colors_info=\u00a0\u00bb{%22gcid-1762a66f-ae7e-423f-9942-e1d56f425420%22:%91%22link_text_color__hover%22%93}\u00a0\u00bb link_text_color__hover_enabled=\u00a0\u00bbon|hover\u00a0\u00bb link_text_color__hover=\u00a0\u00bb#1e356d\u00a0\u00bb]<\/p>\n<h3><a href=\"https:\/\/www.pilatre-de-rozier.com\/pbp\"><strong>Accueil du blog<\/strong><\/a><a href=\"https:\/\/www.pilatre-de-rozier.com\/lmab\"><\/a><a href=\"https:\/\/www.pilatre-de-rozier.com\/pbp\/contact\/\"><\/a><\/h3>\n<p>[\/et_pb_text][et_pb_text content_tablet=\u00a0\u00bb<\/p>\n<div class=%22et_pb_row et_pb_row_0%22>\n<div class=%22et_pb_column et_pb_column_4_4 et_pb_column_0  et_pb_css_mix_blend_mode_passthrough et-last-child%22>\n<div class=%22et_pb_module et_pb_text et_pb_text_0  et_pb_text_align_left et_pb_bg_layout_light%22>\n<div class=%22et_pb_text_inner%22>\n<h1 style=%22font-size: 20px; font-style: italic;%22>Le blog de<\/h1>\n<h1>Philippe<\/h1>\n<h1>Buron-Pil\u00e2tre<\/h1>\n<\/div>\n<\/div>\n<\/div>\n<\/div>\n<p>\u00a0\u00bb content_phone=\u00a0\u00bb<\/p>\n<div class=%22et_pb_row et_pb_row_0%22>\n<div class=%22et_pb_column et_pb_column_4_4 et_pb_column_0  et_pb_css_mix_blend_mode_passthrough et-last-child%22>\n<div class=%22et_pb_module et_pb_text et_pb_text_0  et_pb_text_align_left et_pb_bg_layout_light%22>\n<div class=%22et_pb_text_inner%22>\n<h1 style=%22font-size: 15px; font-style: italic;%22>Le blog de<\/h1>\n<h1>Philippe<\/h1>\n<h1>Buron-Pil\u00e2tre<\/h1>\n<\/div>\n<\/div>\n<\/div>\n<\/div>\n<p>\u00a0\u00bb content_last_edited=\u00a0\u00bboff|desktop\u00a0\u00bb _builder_version=\u00a0\u00bb4.19.1&Prime; _module_preset=\u00a0\u00bbdefault\u00a0\u00bb text_line_height=\u00a0\u00bb1.4em\u00a0\u00bb link_text_color=\u00a0\u00bbgcid-1762a66f-ae7e-423f-9942-e1d56f425420&Prime; header_font=\u00a0\u00bb|700|||||||\u00a0\u00bb header_font_size=\u00a0\u00bb7em\u00a0\u00bb custom_margin=\u00a0\u00bb||49px||false|false\u00a0\u00bb header_font_size_tablet=\u00a0\u00bb40px\u00a0\u00bb header_font_size_phone=\u00a0\u00bb24px\u00a0\u00bb header_font_size_last_edited=\u00a0\u00bbon|phone\u00a0\u00bb global_colors_info=\u00a0\u00bb{%22gcid-1762a66f-ae7e-423f-9942-e1d56f425420%22:%91%22link_text_color%22%93}\u00a0\u00bb link_text_color__hover_enabled=\u00a0\u00bbon|hover\u00a0\u00bb link_text_color__hover=\u00a0\u00bb#000000&Prime;]<\/p>\n<h3><strong>\u00c0 d\u00e9couvrir<\/strong><\/h3>\n<p><a href=\"https:\/\/www.pilatre-de-rozier.com\/pbp\/blog\">Le blog<\/a><\/p>\n<p><a href=\"https:\/\/www.pilatre-de-rozier.com\/pbp\/who-i-am\/\">Qui suis-je ?<\/a><\/p>\n<p><a href=\"https:\/\/www.pilatre-de-rozier.com\/pbp\/blogs-philosophy\/\">La philosophie du blog<\/a><\/p>\n<p><a href=\"https:\/\/www.pilatre-de-rozier.com\/pbp\/p-r-o\/\">Pil\u00e2tre de Rozier Organisation<\/a><\/p>\n<p><a href=\"https:\/\/www.pilatre-de-rozier.com\/lmab\">Le Mondial Air Ballons<\/a><a href=\"https:\/\/www.pilatre-de-rozier.com\/pbp\/contact\/\"><\/a><\/p>\n<p>[\/et_pb_text][et_pb_sidebar orientation=\u00a0\u00bbright\u00a0\u00bb show_border=\u00a0\u00bboff\u00a0\u00bb _builder_version=\u00a0\u00bb4.19.1&Prime; _module_preset=\u00a0\u00bbdefault\u00a0\u00bb header_font=\u00a0\u00bb|600|||||||\u00a0\u00bb header_text_color=\u00a0\u00bbgcid-2dd63dcb-38d8-4812-94e3-701db166b339&Prime; header_line_height=\u00a0\u00bb1.5em\u00a0\u00bb body_text_color=\u00a0\u00bbgcid-1762a66f-ae7e-423f-9942-e1d56f425420&Prime; height=\u00a0\u00bb100%\u00a0\u00bb global_colors_info=\u00a0\u00bb{%22gcid-2dd63dcb-38d8-4812-94e3-701db166b339%22:%91%22header_text_color%22%93,%22gcid-1762a66f-ae7e-423f-9942-e1d56f425420%22:%91%22body_text_color%22%93}\u00a0\u00bb body_text_color__hover_enabled=\u00a0\u00bbon|hover\u00a0\u00bb body_text_color__hover=\u00a0\u00bb#000000&Prime;][\/et_pb_sidebar][\/et_pb_column][\/et_pb_section]<\/p>\n","protected":false},"excerpt":{"rendered":"<p>Le blog de Philippe Buron-Pil\u00e2treQUI SUIS-JE ?Qui suis-je ? Philippe Buron Pil\u00e2tre, plus connu sous ses initiales P.B.P, juriste de formation, a fait une grande partie de sa carri\u00e8re \u00e0 l\u2019Agence France Presse avant de se lancer dans l\u2019\u00e9v\u00e9nementiel. Consultant pour de nombreux clients dans les domaines du tourisme, de la politique, du num\u00e9rique et [&hellip;]<\/p>\n","protected":false},"author":1,"featured_media":0,"parent":0,"menu_order":0,"comment_status":"closed","ping_status":"closed","template":"","meta":{"_et_pb_use_builder":"on","_et_pb_old_content":"[vc_row section_type=\"fullwidth\" section_full_height=\"fullheight\" padding_top_multiplier=\"\" padding_bottom_multiplier=\"\" columns_gap=\"5\"][vc_column][vc_column_text text_style=\"leader-text\"]<a href=\"http:\/\/www.pilatre-de-rozier.com\/pbp\/wp-content\/uploads\/sites\/3\/2020\/02\/PBP.jpg\"><img class=\"alignleft wp-image-1682\" src=\"http:\/\/www.pilatre-de-rozier.com\/pbp\/wp-content\/uploads\/sites\/3\/2020\/02\/PBP-197x300.jpg\" alt=\"\" width=\"230\" height=\"350\" \/><\/a>\r\n<h1>Philippe Buron Pil\u00e2tre<\/h1>\r\n<p style=\"text-align: justify\">\ud83c\uddeb\ud83c\uddf7 - Philippe Buron Pil\u00e2tre, plus connu sous ses initiales <strong>P.B.P<\/strong>, juriste de formation, a fait une grande partie de sa carri\u00e8re \u00e0 l\u2019Agence France Presse avant de se lancer dans l\u2019\u00e9v\u00e9nementiel.\r\nConsultant pour de nombreux clients dans les domaines du tourisme, de la politique, du num\u00e9rique et de l\u2019a\u00e9ronautique, il est membre du Conseil Economique, Social et Environnemental du Grand Est (depuis 2001), expert aupr\u00e8s du Comit\u00e9 Economique et Social de la Grande R\u00e9gion.\r\nDepuis 2001, il enseigne \u00e0 l\u2019Universit\u00e9 de Lorraine (C.E.U, I.A.E, I.U.T dans les domaines de la cr\u00e9ativit\u00e9, des r\u00e9seaux, du digital, de la communication de crise, \u00e9v\u00e9nementiel, lobbying). Il est intervenu \u00e0 l\u2019ENA de 2001 \u00e0 2014 dans la communication de crise.\r\nPilote de montgolfi\u00e8re, instructeur, titulaire de plus de 2000 heures de vol (ballon \u00e0 gaz et \u00e0 air chaud), il est fondateur du Grand Est Mondial Air Ballons et coordinateur de diverses manifestations (auto moto, digital, cin\u00e9ma, culture, tourisme).\r\nIl a \u00e9crit une quinzaine d\u2019ouvrages et continue r\u00e9guli\u00e8rement une activit\u00e9 de journaliste (radio, t\u00e9l\u00e9vision et presse \u00e9crite). Il est titulaire des m\u00e9dailles de l\u2019a\u00e9ronautique, jeunesse et de sports et Charles Dollfus.<\/p>\r\n<p style=\"text-align: justify\">\ud83c\uddec\ud83c\udde7 <span style=\"color: #993300\"><em>- Philippe Buron Pil\u00e2tre, better known by his initials <strong>PBP<\/strong>, a lawyer by training, spent a large part of his career at Agence France Presse before embarking on events management.<\/em><\/span>\r\n<span style=\"color: #993300\"><em>Consultant for many clients in the fields of tourism, politics, digital and aeronautics, he is a member of the Economic, Social and Environmental Council of Grand Est Region (since 2001), expert at the Economic and Social Committee of the Greater Region.<\/em><\/span>\r\n<span style=\"color: #993300\"><em>Since 2001, he also teaches at the University of Lorraine (CEU, IAE, IUT) courses in the areas of creativity, networks, digital, crisis communication, event marketing, lobbying). He had been speaker at the French \u201cEcole Nationale d'Administration\u201d from 2001 to 2014 in crisis communication.<\/em><\/span>\r\n<span style=\"color: #993300\"><em>Balloon pilot and instructor, he accumulated more than 2.000 flying hours on both gas and hot air balloon.<\/em><\/span>\r\n<span style=\"color: #993300\"><em>He founded Grand Est Mondial Air Ballons and coordinated various events (motor racing, digital, cinema, culture, tourism). He has written about fifteen books and regularly works as a journalist for radio, television and print media.<\/em><\/span>\r\n<span style=\"color: #993300\"><em>He is a recipient of Aeronautics Medal, Youth &amp; Sports Award and that of Charles Dollfus.<\/em><\/span><\/p>\r\n[\/vc_column_text][movedo_empty_space][movedo_divider line_type=\"double-line\"][movedo_empty_space][\/vc_column][\/vc_row]","_et_gb_content_width":"","footnotes":""},"class_list":["post-19","page","type-page","status-publish","hentry"],"_links":{"self":[{"href":"https:\/\/www.pilatre-de-rozier.com\/pbp\/wp-json\/wp\/v2\/pages\/19","targetHints":{"allow":["GET"]}}],"collection":[{"href":"https:\/\/www.pilatre-de-rozier.com\/pbp\/wp-json\/wp\/v2\/pages"}],"about":[{"href":"https:\/\/www.pilatre-de-rozier.com\/pbp\/wp-json\/wp\/v2\/types\/page"}],"author":[{"embeddable":true,"href":"https:\/\/www.pilatre-de-rozier.com\/pbp\/wp-json\/wp\/v2\/users\/1"}],"replies":[{"embeddable":true,"href":"https:\/\/www.pilatre-de-rozier.com\/pbp\/wp-json\/wp\/v2\/comments?post=19"}],"version-history":[{"count":3,"href":"https:\/\/www.pilatre-de-rozier.com\/pbp\/wp-json\/wp\/v2\/pages\/19\/revisions"}],"predecessor-version":[{"id":2590,"href":"https:\/\/www.pilatre-de-rozier.com\/pbp\/wp-json\/wp\/v2\/pages\/19\/revisions\/2590"}],"wp:attachment":[{"href":"https:\/\/www.pilatre-de-rozier.com\/pbp\/wp-json\/wp\/v2\/media?parent=19"}],"curies":[{"name":"wp","href":"https:\/\/api.w.org\/{rel}","templated":true}]}}